{"id":5469,"date":"2022-07-06T12:32:33","date_gmt":"2022-07-06T10:32:33","guid":{"rendered":"https:\/\/clone.healthandyouth.hu\/?post_type=product&#038;p=5469"},"modified":"2025-05-06T11:08:14","modified_gmt":"2025-05-06T09:08:14","slug":"health-and-youth-recovery-h2-plus-q10","status":"publish","type":"product","link":"https:\/\/clone.healthandyouth.hu\/ro\/produs\/health-and-youth-recovery-h2-plus-q10\/","title":{"rendered":"Health and Youth Recovery H2 Plus Q10 &#8211; 90 db"},"content":{"rendered":"<h2><strong>Miben seg\u00edt?<\/strong><\/h2>\n<ul>\n<li>Sprijin\u0103 organismul \u00een lupta \u00eempotriva radicalilor liberi;<\/li>\n<li>Poate contribui la func\u021bionarea normal\u0103 a sistemului imunitar;<\/li>\n<li>Contribuie la producerea normal\u0103 a energiei \u00een celule, amelioreaz\u0103 simptomele oboselii;<\/li>\n<li>Contribuie la func\u021bionarea inimii s\u0103n\u0103toase \u0219i a sistemului vascular.<\/li>\n<\/ul>\n<p>&nbsp;<\/p>\n<p><strong>\u00c1sv\u00e1nyi anyagok \u00e9s koenzim Q10 egyedi kombin\u00e1ci\u00f3ja, mely sokoldal\u00faan t\u00e1mogatja a szervezet eg\u00e9szs\u00e9ges m\u0171k\u00f6d\u00e9s\u00e9t.<\/strong><\/p>\n<p>Antioxid\u00e1ns hat\u00e1s\u00fa k\u00e9sz\u00edtm\u00e9ny, amely hozz\u00e1j\u00e1rul a szervezetben a molekul\u00e1ris hidrog\u00e9n k\u00e9pz\u0151d\u00e9s\u00e9hez \u00e9s koenzim Q10-zel t\u00e1mogatja a szervezet szabadgy\u00f6k\u00f6k elleni k\u00fczdelm\u00e9t.<\/p>\n<p>A molekul\u00e1ris hidrog\u00e9n szelekt\u00edv antioxid\u00e1ns, azaz a szervezet sz\u00e1m\u00e1ra k\u00e1ros szabadgy\u00f6k\u00f6kkel l\u00e9p reakci\u00f3ba, \u00edgy v\u00e9delmezi a sejteket a k\u00e1rosod\u00e1st\u00f3l. A koenzim Q10 egy vitaminszer\u0171 anyag, mely a sejtek energiatermel\u00e9s\u00e9ben alapvet\u0151 szerepet j\u00e1tszik.\u00a0 Hozz\u00e1j\u00e1rul a legt\u00f6bb energi\u00e1t ig\u00e9nyl\u0151 szervek, mint az immunrendszer, sz\u00edv, m\u00e1j \u00e9s vese m\u0171k\u00f6d\u00e9s\u00e9nek fenntart\u00e1s\u00e1hoz. N\u00f6veli a fizikai \u00e1ll\u00f3k\u00e9pess\u00e9get. T\u00e1mogatja a szervezetet a szabadgy\u00f6k\u00f6k semleges\u00edt\u00e9s\u00e9ben \u00e9s j\u00f3t\u00e9konyan hat az erek fal\u00e1nak m\u0171k\u00f6d\u00e9s\u00e9re. Szervezet\u00fcnk 20 \u00e9ves kort\u00f3l kezdve egyre kevesebb koenzim Q10-et tud el\u0151\u00e1ll\u00edtani, ez\u00e9rt sz\u00fcks\u00e9ges naponta p\u00f3tolni. Egyes gy\u00f3gyszerek pl. koleszterincs\u00f6kkent\u0151 szerek (sztatinok), sz\u00edvre, v\u00e9rnyom\u00e1sra hat\u00f3 szerek k\u00f6z\u00fcl a b\u00e9ta receptorblokkol\u00f3k a koenzim Q10 hi\u00e1ny\u00e1hoz vezetnek, ilyen esetekben fontos p\u00f3tl\u00e1s\u00e1r\u00f3l gondoskodni.<\/p>\n<p>A Kalcium r\u00e9szt vesz a norm\u00e1l v\u00e9ralvad\u00e1si folyamatban \u00e9s hozz\u00e1j\u00e1rul a norm\u00e1l energiatermel\u0151 folyamatokhoz, \u00e9s a norm\u00e1l fogazat \u00e9s csontozat fenntart\u00e1s\u00e1hoz.<\/p>\n<p>A Magn\u00e9zium hozz\u00e1j\u00e1rul a f\u00e1radts\u00e1g \u00e9s a kif\u00e1rad\u00e1s cs\u00f6kkent\u00e9s\u00e9hez, r\u00e9sztvesz a norm\u00e1l energiatermel\u0151 folyamatokban, hozz\u00e1j\u00e1rul az idegrendszer megfelel\u0151 m\u0171k\u00f6d\u00e9s\u00e9hez \u00e9s az izomm\u0171k\u00f6d\u00e9s, valamint a norm\u00e1l csontozat fenntart\u00e1s\u00e1hoz.<\/p>\n<p>&nbsp;<\/p>\n<h2><strong>PENTRU CINE ESTE RECOMANDAT?<\/strong><\/h2>\n<ul>\n<li>Aj\u00e1nljuk az eg\u00e9szs\u00e9g meg\u0151rz\u00e9s r\u00e9szek\u00e9nt a j\u00f3 fizikai k\u00f6z\u00e9rzet fenntart\u00e1s\u00e1ra<\/li>\n<li>Aj\u00e1nljuk a ment\u00e1lis teljes\u00edtm\u00e9ny t\u00e1mogat\u00e1s\u00e1ra, fokoz\u00e1s\u00e1ra<\/li>\n<li>Aj\u00e1nljuk a betegs\u00e9gek, m\u0171t\u00e9tek, s\u00e9r\u00fcl\u00e9sek ut\u00e1ni l\u00e1badoz\u00e1si id\u0151szakban<\/li>\n<li>Aj\u00e1nljuk az akt\u00edvan sportol\u00f3 egy\u00e9neknek<\/li>\n<li>Aj\u00e1nljuk azoknak, akik fizikailag, szellemileg megterhel\u0151 munk\u00e1t v\u00e9geznek<\/li>\n<\/ul>\n<p><strong>ADAGOL\u00c1SA: AZ EGY\u00c9NI \u00c1LLAPOT F\u00dcGGV\u00c9NY\u00c9BEN NAPI 3\u00d71 \u2013 3\u00d72 TABLETTA (reggel \u00e9s d\u00e9lben) JAVASOLT.<\/strong><\/p>\n<p>C\u00e9lszer\u0171 \u00e9hgyomorra fogyasztani, \u00e9tkez\u00e9s el\u0151tt f\u00e9l\u00f3r\u00e1val vagy \u00e9tkez\u00e9s ut\u00e1n 2 \u00f3ra m\u00falva. Bev\u00e9tele tiszt\u00edtott, sz\u00e9nsavmentes v\u00edzzel javasolt. Fontos! Ne fogyassza kl\u00f3rozott csapv\u00edzzel!<\/p>\n<p><strong>DAC\u0102 AVE\u021aI \u00ceNTREB\u0102RI \u00ceN LEG\u0102TUR\u0102 CU DOZAREA SUPLIMENTULUI, PUTE\u021aI CONTACTA MEDICUL LA URM\u0102TOAREA ADRES\u0102 DE E-MAIL:<\/strong>\u00a0<a href=\"mailto:dr.jozsef.erika@healthandyouth.hu\"><strong>DR.JOZSEF.ERIKA@HEALTHANDYOUTH.HU<\/strong><\/a><\/p>\n<p>&nbsp;<\/p>\n<p><a href=\"https:\/\/clone.healthandyouth.hu\/wp-content\/uploads\/2023\/10\/healthyouth_label_recovery-h2-plus-q10_90_hu_5-999860-110088.webp\" target=\"_blank\" rel=\"noopener ttps:\/\/clone.healthandyouth.hu\/wp-content\/uploads\/2023\/10\/healthyouth_label_recovery-h2-plus-q10_90_hu_5-999860-110088.webp\"><img fetchpriority=\"high\" decoding=\"async\" class=\"aligncenter wp-image-6637 size-large\" src=\"https:\/\/clone.healthandyouth.hu\/wp-content\/uploads\/2023\/10\/healthyouth_label_recovery-h2-plus-q10_90_hu_5-999860-110088-1024x439.webp\" alt=\"\" width=\"800\" height=\"343\" srcset=\"https:\/\/clone.healthandyouth.hu\/wp-content\/uploads\/2023\/10\/healthyouth_label_recovery-h2-plus-q10_90_hu_5-999860-110088-1024x439.webp 1024w, https:\/\/clone.healthandyouth.hu\/wp-content\/uploads\/2023\/10\/healthyouth_label_recovery-h2-plus-q10_90_hu_5-999860-110088-300x129.webp 300w, https:\/\/clone.healthandyouth.hu\/wp-content\/uploads\/2023\/10\/healthyouth_label_recovery-h2-plus-q10_90_hu_5-999860-110088-768x329.webp 768w, https:\/\/clone.healthandyouth.hu\/wp-content\/uploads\/2023\/10\/healthyouth_label_recovery-h2-plus-q10_90_hu_5-999860-110088-1536x659.webp 1536w, https:\/\/clone.healthandyouth.hu\/wp-content\/uploads\/2023\/10\/healthyouth_label_recovery-h2-plus-q10_90_hu_5-999860-110088-18x8.webp 18w, https:\/\/clone.healthandyouth.hu\/wp-content\/uploads\/2023\/10\/healthyouth_label_recovery-h2-plus-q10_90_hu_5-999860-110088-600x257.webp 600w, https:\/\/clone.healthandyouth.hu\/wp-content\/uploads\/2023\/10\/healthyouth_label_recovery-h2-plus-q10_90_hu_5-999860-110088.webp 1660w\" sizes=\"(max-width: 800px) 100vw, 800px\" \/><\/a><\/p>","protected":false},"excerpt":{"rendered":"<p>\u00c9trend-kieg\u00e9sz\u00edt\u0151 tabletta \u00e1sv\u00e1nyi anyagokkal \u00e9s Q10 koenzimmel.<\/p>","protected":false},"featured_media":6423,"comment_status":"open","ping_status":"closed","template":"","meta":[],"product_brand":[],"product_cat":[23],"product_tag":[],"class_list":{"0":"post-5469","1":"product","2":"type-product","3":"status-publish","4":"has-post-thumbnail","6":"product_cat-hidrogen-tabletta","8":"first","9":"instock","10":"shipping-taxable","11":"purchasable","12":"product-type-simple"},"_links":{"self":[{"href":"https:\/\/clone.healthandyouth.hu\/ro\/wp-json\/wp\/v2\/product\/5469","targetHints":{"allow":["GET"]}}],"collection":[{"href":"https:\/\/clone.healthandyouth.hu\/ro\/wp-json\/wp\/v2\/product"}],"about":[{"href":"https:\/\/clone.healthandyouth.hu\/ro\/wp-json\/wp\/v2\/types\/product"}],"replies":[{"embeddable":true,"href":"https:\/\/clone.healthandyouth.hu\/ro\/wp-json\/wp\/v2\/comments?post=5469"}],"wp:featuredmedia":[{"embeddable":true,"href":"https:\/\/clone.healthandyouth.hu\/ro\/wp-json\/wp\/v2\/media\/6423"}],"wp:attachment":[{"href":"https:\/\/clone.healthandyouth.hu\/ro\/wp-json\/wp\/v2\/media?parent=5469"}],"wp:term":[{"taxonomy":"product_brand","embeddable":true,"href":"https:\/\/clone.healthandyouth.hu\/ro\/wp-json\/wp\/v2\/product_brand?post=5469"},{"taxonomy":"product_cat","embeddable":true,"href":"https:\/\/clone.healthandyouth.hu\/ro\/wp-json\/wp\/v2\/product_cat?post=5469"},{"taxonomy":"product_tag","embeddable":true,"href":"https:\/\/clone.healthandyouth.hu\/ro\/wp-json\/wp\/v2\/product_tag?post=5469"}],"curies":[{"name":"wp","href":"https:\/\/api.w.org\/{rel}","templated":true}]}}