{"id":1980,"date":"2021-09-14T12:50:56","date_gmt":"2021-09-14T10:50:56","guid":{"rendered":"https:\/\/clone.healthandyouth.hu\/?post_type=product&#038;p=1980"},"modified":"2022-04-07T10:54:24","modified_gmt":"2022-04-07T08:54:24","slug":"herbaferm-prefer-hf-400-mg","status":"publish","type":"product","link":"https:\/\/clone.healthandyouth.hu\/ro\/produs\/herbaferm-prefer-hf-400-mg\/","title":{"rendered":"Herbaferm  PREFER HF"},"content":{"rendered":"<p>A PREFER HF400 mg kapszula prebiotikus, term\u00e9szetes ferment\u00e1ci\u00f3val felt\u00e1rt rostartalm\u00fa \u00e9trend-kieg\u00e9sz\u00edt\u0151.<\/p>\n<p>Hozz\u00e1j\u00e1rul a term\u00e9szetes em\u00e9szt\u00e9s t\u00e1mogat\u00e1s\u00e1hoz \u00e9s a b\u00e9lf\u00f3ra regener\u00e1ci\u00f3j\u00e1hoz. A Prefer HF400 kapszula fokozza a Herbaferm cseppek kedvez\u0151 hat\u00e1s\u00e1t \u00e9s a rebi\u00f3zist.<\/p>\n<p>\u00d6sszetev\u0151i, a Herbaferm cseppek recept\u00far\u00e1j\u00e1t alkot\u00f3 gy\u00f3gyn\u00f6v\u00e9nyek felt\u00e1rt rostjai, fulvo- \u00e9s huminsavakkal, valamint C-vitaminnal kieg\u00e9sz\u00edtve. A gy\u00f3gyn\u00f6v\u00e9nyrostok biztos\u00edtj\u00e1k az ide\u00e1lis felt\u00e9teleket a kedvez\u0151 (szimbionta) bakt\u00e9riumoknak a b\u00e9ltartalomban, a fulvo- \u00e9s huminsavak k\u00f6zvet\u00edt\u0151 anyagk\u00e9nt szerepelnek. biztos\u00edtj\u00e1k a b\u00e9lh\u00e1msejtek sejtek \u00e9s a bakt\u00e9riumok k\u00f6z\u00f6tt term\u00e9szetes kommunik\u00e1ci\u00f3t. Ez ut\u00f3bbi f\u0151legazok sz\u00e1m\u00e1ra fontos, akiknek em\u00e9szt\u00e9si probl\u00e9m\u00e1i a vegyszerekkel kezelt, tart\u00f3s\u00edtott, steriliz\u00e1lt \u00e9lelmiszerek miatt alakult ki.<\/p>\n<h3><strong>MIBEN SEG\u00cdT:<\/strong><\/h3>\n<ul>\n<li>Csillap\u00edtja a b\u00e9lrendszeri irrit\u00e1ci\u00f3kat<\/li>\n<li>Er\u0151s\u00edti a b\u00e9lfal barrier (v\u00e9d\u0151vonal) m\u0171k\u00f6d\u00e9s\u00e9t<\/li>\n<li>T\u00e1mogatja a t\u00e1pl\u00e1l\u00e9kkal bevitt \u00e9s a diszbi\u00f3zis miatt termel\u0151d\u0151 m\u00e9reganyagok ki\u00fcr\u00fcl\u00e9st \u00e9s hat\u00e1stalan\u00edt\u00e1s\u00e1t.<\/li>\n<li>Hozz\u00e1j\u00e1rul a quorum sensingnek nevezett anyagok (2) biztos\u00edt\u00e1s\u00e1val a kedvez\u0151 b\u00e9lf\u00f3ra kialakul\u00e1s\u00e1hoz \u00e9s a b\u00e9lh\u00e1msejtek, b\u00e9l mikrobiom k\u00f6zti kommunik\u00e1ci\u00f3, felismer\u00e9s folyamat\u00e1hoz.<\/li>\n<\/ul>\n<h3><strong>KINEK AJ\u00c1NJUK:<\/strong><\/h3>\n<p>A kapszul\u00e1k fogyaszt\u00e1s\u00e1t azoknak aj\u00e1nljuk, akik gyorsabban szeretn\u00e9k a term\u00e9szetes em\u00e9szt\u00e9s\u00fcket helyre\u00e1ll\u00edtani. Akik antbiotikum-k\u00fara k\u00f6vetkezt\u00e9ben, vagy nagyfok\u00fa stressz, megterhel\u00e9s vagy \u00e9telintolerancia miatt hi\u00e1nyos, k\u00e1rosodott a b\u00e9lf\u00f3r\u00e1juk. Ezekben az esetekben a kapszul\u00e1k fogyaszt\u00e1s\u00e1t a Herbaferm \u00e9trend-kieg\u00e9sz\u00edt\u0151 cseppekkel egy id\u0151ben (reggel \u00e9s este) javasoljuk, egy h\u00e9t id\u0151tartamig.<\/p>\n<p>A term\u00e9ket v\u00e1rand\u00f3s \u00e9s szoptat\u00f3s kismam\u00e1k, illetve a vegyes \u00e9trendet fogyaszt\u00f3, egy \u00e9vn\u00e9l id\u0151sebb gyermekek is fogyaszthatj\u00e1k.<\/p>\n<h3><strong>JAVASOLT ADAGOL\u00c1S: <\/strong><\/h3>\n<p><strong>naponta 2\u00d71 kapszula (reggel \u00e9s este)<\/strong><\/p>\n<h3><strong>Mikor nem javasoljuk a kapszul\u00e1k fogyaszt\u00e1s\u00e1t: <\/strong><\/h3>\n<p>A k\u00e9sz\u00edtm\u00e9ny b\u00e1rmely \u00f6sszetev\u0151j\u00e9vel szembeni egy\u00e9ni t\u00fal\u00e9rz\u00e9kenys\u00e9g, tov\u00e1bb\u00e1 az immunrendszer zavarai eset\u00e9n.<\/p>\n<p><strong>OGY\u00c9I nyilv\u00e1ntart\u00e1si sz\u00e1m: 23114\/201<\/strong><\/p>","protected":false},"excerpt":{"rendered":"<p>A PREFER HF400 mg kapszula prebiotikus, term\u00e9szetes ferment\u00e1ci\u00f3val felt\u00e1rt rostartalm\u00fa \u00e9trend-kieg\u00e9sz\u00edt\u0151. Hozz\u00e1j\u00e1rul a term\u00e9szetes em\u00e9szt\u00e9s t\u00e1mogat\u00e1s\u00e1hoz \u00e9s a b\u00e9lf\u00f3ra regener\u00e1ci\u00f3j\u00e1hoz. A Prefer HF400 kapszula fokozza a Herbaferm cseppek kedvez\u0151 hat\u00e1s\u00e1t \u00e9s a rebi\u00f3zist. \u00d6sszetev\u0151i, a Herbaferm cseppek recept\u00far\u00e1j\u00e1t alkot\u00f3 gy\u00f3gyn\u00f6v\u00e9nyek felt\u00e1rt rostjai, fulvo- \u00e9s huminsavakkal, valamint C-vitaminnal kieg\u00e9sz\u00edtve.<\/p>","protected":false},"featured_media":3936,"comment_status":"open","ping_status":"closed","template":"","meta":[],"product_brand":[],"product_cat":[20],"product_tag":[],"class_list":{"0":"post-1980","1":"product","2":"type-product","3":"status-publish","4":"has-post-thumbnail","6":"product_cat-herbaferm-termekek","8":"first","9":"instock","10":"shipping-taxable","11":"purchasable","12":"product-type-simple"},"_links":{"self":[{"href":"https:\/\/clone.healthandyouth.hu\/ro\/wp-json\/wp\/v2\/product\/1980","targetHints":{"allow":["GET"]}}],"collection":[{"href":"https:\/\/clone.healthandyouth.hu\/ro\/wp-json\/wp\/v2\/product"}],"about":[{"href":"https:\/\/clone.healthandyouth.hu\/ro\/wp-json\/wp\/v2\/types\/product"}],"replies":[{"embeddable":true,"href":"https:\/\/clone.healthandyouth.hu\/ro\/wp-json\/wp\/v2\/comments?post=1980"}],"wp:featuredmedia":[{"embeddable":true,"href":"https:\/\/clone.healthandyouth.hu\/ro\/wp-json\/wp\/v2\/media\/3936"}],"wp:attachment":[{"href":"https:\/\/clone.healthandyouth.hu\/ro\/wp-json\/wp\/v2\/media?parent=1980"}],"wp:term":[{"taxonomy":"product_brand","embeddable":true,"href":"https:\/\/clone.healthandyouth.hu\/ro\/wp-json\/wp\/v2\/product_brand?post=1980"},{"taxonomy":"product_cat","embeddable":true,"href":"https:\/\/clone.healthandyouth.hu\/ro\/wp-json\/wp\/v2\/product_cat?post=1980"},{"taxonomy":"product_tag","embeddable":true,"href":"https:\/\/clone.healthandyouth.hu\/ro\/wp-json\/wp\/v2\/product_tag?post=1980"}],"curies":[{"name":"wp","href":"https:\/\/api.w.org\/{rel}","templated":true}]}}