{"id":3176,"date":"2022-03-03T09:30:18","date_gmt":"2022-03-03T08:30:18","guid":{"rendered":"https:\/\/clone.healthandyouth.hu\/?page_id=3176"},"modified":"2024-11-18T14:34:57","modified_gmt":"2024-11-18T13:34:57","slug":"livrare-si-metode-de-plata-2","status":"publish","type":"page","link":"https:\/\/clone.healthandyouth.hu\/ro\/livrare-si-metode-de-plata-2\/","title":{"rendered":"LIVRARE \u0218I METODE DE PLAT\u0102"},"content":{"rendered":"<div data-elementor-type=\"wp-page\" data-elementor-id=\"3176\" class=\"elementor elementor-3176\" data-elementor-post-type=\"page\">\n\t\t\t\t\t\t<section class=\"elementor-section elementor-top-section elementor-element elementor-element-6bad18c4 elementor-section-boxed elementor-section-height-default elementor-section-height-default\" data-id=\"6bad18c4\" data-element_type=\"section\">\n\t\t\t\t\t\t<div class=\"elementor-container elementor-column-gap-default\">\n\t\t\t\t\t<div class=\"elementor-column elementor-col-100 elementor-top-column elementor-element elementor-element-33921dd5\" data-id=\"33921dd5\" data-element_type=\"column\">\n\t\t\t<div class=\"elementor-widget-wrap elementor-element-populated\">\n\t\t\t\t\t\t<div class=\"elementor-element elementor-element-8c269e1 elementor-widget elementor-widget-text-editor\" data-id=\"8c269e1\" data-element_type=\"widget\" data-widget_type=\"text-editor.default\">\n\t\t\t\t<div class=\"elementor-widget-container\">\n\t\t\t\t\t\t\t\t\t<p>Pre\u021burile afi\u0219ate pe site-ul nostru sunt pre\u021burile brute ale produselor noastre, adic\u0103 includ \u0219i TVA-ul valabil, \u00een prezent \u00een valoare de 27%, dar nu includ costul de livrare. Nu percepem taxe suplimentare pentru ambalare.<\/p><p>Costul livr\u0103rii va fi indicat la rezumarea comenzii.<\/p><p><strong>Timpul de livrare:\u00a0<\/strong>1 zi lucr\u0103toare \u00een Budapesta, 2-3 zile lucr\u0103toare \u00een afara Budapestei, dac\u0103 plasa\u021bi comanda p\u00e2n\u0103 la ora 12:00 \u00een ziua lucr\u0103toare respectiv\u0103.<\/p><p>\u00cen cazul \u00een care comanda este plasat\u0103 dup\u0103 ora 12:00 \u00een ziua respectiv\u0103, sau \u00eentr-o zi de s\u0103rb\u0103toare legal\u0103, coletul va fi expediat \u00een urm\u0103toarea zi lucr\u0103toare.<\/p><p><strong>Ve\u021bi fi notificat de livrare prin e-mail cu o zi \u00eenainte de livrare \u0219i prin SMS \u00een ziua livr\u0103rii.<\/strong><\/p><p class=\"translation-block\">A k\u00fclf\u00f6ldre sz\u00e1ll\u00edt\u00e1s miatt k\u00e9rj\u00fck egyeztessen megrendel\u00e9s el\u0151tt az \u00fcgyf\u00e9lszolg\u00e1lattal. El\u00e9rhet\u0151s\u00e9gei:&nbsp;<a href=\"mailto:info@healthandyouth.hu\" target=\"_self\">info@healthandyouth.hu<\/a>&nbsp;+36&nbsp;70&nbsp;636&nbsp;2953<\/p><p>A vil\u00e1g b\u00e1rmely pontj\u00e1ra sz\u00e1ll\u00edtunk, Magyarorsz\u00e1gon k\u00edv\u00fcl es\u0151 ter\u00fcletekkel kapcsolatban kiz\u00e1r\u00f3lag az \u00fcgyf\u00e9lszolg\u00e1lat \u00e1ltal visszaigazolt egyedi sz\u00e1ll\u00edt\u00e1si d\u00edj egyeztet\u00e9se sz\u00fcks\u00e9ges.<\/p><h2>MODALIT\u0102\u021aI DE LIVRARE:<\/h2><p><strong>Magyarorsz\u00e1gon bel\u00fcl:<\/strong><\/p><p>Livrare la domiciliu, Automat\u0103 GLS, punct de colectare GLS<\/p><p>C\u00e2nd comanda\u021bi produsele, pute\u021bi alege ca coletul dvs. s\u0103 fie livrat\u0103 la domiciliu de c\u0103tre curier sau s\u0103 fie livrat\u0103 la o automat\u0103 GLS sau la un punct de ridicare a coletelor. Livrarea de domiciliu are loc \u00eentre orele 08:00 \u0219i 17:00 \u00een zilele lucr\u0103toare. V\u0103 rug\u0103m s\u0103 furniza\u021bi o adres\u0103 de expediere unde pute\u021bi primi coletul.<\/p><p>\u00cen cazul automatelor \u0219i punctelor de colectare GLS v\u0103 st\u0103 la dispozi\u021bie 5 zile pentru a v\u0103 ridica coletul.<\/p><p>Pentru ridicarea coletului din automat\u0103, ve\u021bi avea nevoie de num\u0103rul de cod primit prin SMS sau e-mail. La momentul primirii la GLD, tebuie s\u0103 prezenta\u021bi o carte de identitate care con\u021bine \u0219i fotografia dumneavoastr\u0103.<\/p><p>Prin utilizarea func\u021biei de c\u0103utare a automatelor \u0219i punctelor de colectare GLS pute\u021bi afla unde se afl\u0103 cel mai apropiat punct de colectare pentru dvs.<\/p><p><strong>K\u00fclf\u00f6ldi sz\u00e1ll\u00edt\u00e1s:<\/strong><\/p><p>Magyarorsz\u00e1gon k\u00edv\u00fcl es\u0151 c\u00edmekre a FedEx sz\u00e1ll\u00edtja a megrendelt csomagot.\u00a0<\/p><figure><img decoding=\"async\" src=\"https:\/\/clone.healthandyouth.hu\/wp-content\/uploads\/2022\/03\/gls-logo-color-pos-rgb-1063x286px-download-35195-300x811-1.png\" alt=\"\" \/><\/figure><h2>PLATA DE LIVRARE:<\/h2><p><strong>Livrare la domiciliu:<\/strong>\u00a03000 HUF, inclusiv TVA de 27%<\/p><p>H\u00e1zhozsz\u00e1ll\u00edt\u00e1s Magyar Posta: 3500 Ft, mely tartalmazza a 27%-os \u00c1F\u00c1-t.<\/p><p>Ha legal\u00e1bb brutt\u00f3 49 000 Ft \u00e9rt\u00e9kben v\u00e1s\u00e1rol, a sz\u00e1ll\u00edt\u00e1s d\u00edj\u00e1t elengedj\u00fck.<\/p><p>\u00cen cazul ridic\u0103rii dintr-un punct GLS: 2700 HUF<\/p><p>\u00cen cazul ridic\u0103rii dintr-o automat\u0103 de colet GLS: 2700 HUF<\/p><p>Posta Pontra t\u00f6rt\u00e9n\u0151 sz\u00e1ll\u00edt\u00e1s eset\u00e9n: 2800 Ft<\/p><h2>METODE DE PLAT\u0102:<\/h2><p>Plat\u0103 prin card bancar: \u00een acela\u0219i timp cu comanda, tranzac\u021bia cu card are loc prin intermediul site-ului SimplePay al serviciului OTP Mobil Szolg\u00e1ltat\u00f3 Kft., care prelucreaz\u0103 datele cardului \u00eentr-un mod adecvat, \u00een conformitate cu standardul interna\u021bional de securitate. Plata se face folosind criptarea SSL, ceea ce \u00eenseamn\u0103 c\u0103 persoanele neautorizate nu pot accesa datele cardului. ii\u00a0<strong>OTP Mobil Szolg\u00e1ltat\u00f3 Kft.\u00a0<\/strong>SimlePay oldal\u00e1n kereszt\u00fcl t\u00f6rt\u00e9nik a k\u00e1rtyatranzakci\u00f3, amely megfelel\u0151 m\u00f3don, a nemzetk\u00f6zi biztons\u00e1gi szabv\u00e1nynak megfelel\u0151en dolgozza fel a k\u00e1rtya adatait. A fizet\u00e9s SSL titkos\u00edt\u00e1ssal t\u00f6rt\u00e9nik, ami azt jelenti, hogy illet\u00e9ktelen szem\u00e9lyek nem f\u00e9rhetnek hozz\u00e1 a k\u00e1rtya adataihoz.<\/p><p>Sunt acceptate cardurile VISA \u0219i MasterCard<\/p><p class=\"translation-block\">Plat\u0103 la livrare: ve\u021bi pl\u0103ti valoarea produselor comandate \u0219i a livr\u0103rii \u00een numerar sau cu card c\u0103tre curier.<\/p><p><strong>Transfer bancar, plat\u0103 \u00een avans:<\/strong>\u00a0\u00een acest caz, coletul dvs. va fi expediat dup\u0103 primirea transferului<\/p><p><strong>Titularul contului<\/strong>\u00a0Health and Youth Kft.<\/p><p><strong>Banca gestionar\u0103 a contului:\u00a0<\/strong>Erste Bank Hungary Zrt.<\/p><p><strong>Num\u0103rul contului bancar:\u00a0<\/strong>11600006-00000000-85339725<\/p><p class=\"translation-block\">Anularea comenzii este posibil\u0103 prin e-mail \u00eenainte de livrare, la adresa ugyfelszolgalat@healthandyouth.hu.<\/p><p>Magyarorsz\u00e1gon k\u00edv\u00fcli sz\u00e1ll\u00edt\u00e1s eset\u00e9n kiz\u00e1r\u00f3lag banki \u00e1tutal\u00e1ssal fizethet.<\/p>\t\t\t\t\t\t\t\t<\/div>\n\t\t\t\t<\/div>\n\t\t\t\t\t<\/div>\n\t\t<\/div>\n\t\t\t\t\t<\/div>\n\t\t<\/section>\n\t\t\t\t<\/div>","protected":false},"excerpt":{"rendered":"<p>A honlapunkon a term\u00e9keink mellett felt\u00fcntetett \u00e1rak brutt\u00f3 \u00e1rak, azaz tartalmazz\u00e1k a jelenleg \u00e9rv\u00e9nyes 27%-os \u00c1F\u00c1-t, de nem tartalmazz\u00e1k a sz\u00e1ll\u00edt\u00e1s k\u00f6lts\u00e9g\u00e9t. A csomagol\u00e1s\u00e9rt nem sz\u00e1m\u00edtunk fel k\u00fcl\u00f6n d\u00edjat. A sz\u00e1ll\u00edt\u00e1sik\u00f6lts\u00e9get a megrendel\u00e9s \u00f6sszegz\u00e9sekor t\u00fcntetj\u00fck fel. Sz\u00e1ll\u00edt\u00e1si id\u0151:\u00a01-2 munkanapon bel\u00fcl az orsz\u00e1g b\u00e1rmely ter\u00fclet\u00e9n kisz\u00e1ll\u00edtjuk, amennyiben megrendel\u00e9s\u00e9t munkanapokon 12 \u00f3r\u00e1ig adja le. Amennyiben megrendel\u00e9se munkanapokon [&hellip;]<\/p>","protected":false},"author":2,"featured_media":0,"parent":0,"menu_order":0,"comment_status":"closed","ping_status":"closed","template":"","meta":{"footnotes":""},"class_list":["post-3176","page","type-page","status-publish","hentry"],"_links":{"self":[{"href":"https:\/\/clone.healthandyouth.hu\/ro\/wp-json\/wp\/v2\/pages\/3176","targetHints":{"allow":["GET"]}}],"collection":[{"href":"https:\/\/clone.healthandyouth.hu\/ro\/wp-json\/wp\/v2\/pages"}],"about":[{"href":"https:\/\/clone.healthandyouth.hu\/ro\/wp-json\/wp\/v2\/types\/page"}],"author":[{"embeddable":true,"href":"https:\/\/clone.healthandyouth.hu\/ro\/wp-json\/wp\/v2\/users\/2"}],"replies":[{"embeddable":true,"href":"https:\/\/clone.healthandyouth.hu\/ro\/wp-json\/wp\/v2\/comments?post=3176"}],"version-history":[{"count":0,"href":"https:\/\/clone.healthandyouth.hu\/ro\/wp-json\/wp\/v2\/pages\/3176\/revisions"}],"wp:attachment":[{"href":"https:\/\/clone.healthandyouth.hu\/ro\/wp-json\/wp\/v2\/media?parent=3176"}],"curies":[{"name":"wp","href":"https:\/\/api.w.org\/{rel}","templated":true}]}}