{"id":3165,"date":"2022-03-03T09:18:00","date_gmt":"2022-03-03T08:18:00","guid":{"rendered":"https:\/\/clone.healthandyouth.hu\/?page_id=3165"},"modified":"2025-07-31T09:08:45","modified_gmt":"2025-07-31T07:08:45","slug":"impressum-2","status":"publish","type":"page","link":"https:\/\/clone.healthandyouth.hu\/ro\/impressum-2\/","title":{"rendered":"Imprima"},"content":{"rendered":"<div data-elementor-type=\"wp-page\" data-elementor-id=\"3165\" class=\"elementor elementor-3165\" data-elementor-post-type=\"page\">\n\t\t\t\t\t\t<section class=\"elementor-section elementor-top-section elementor-element elementor-element-105bbb56 elementor-section-boxed elementor-section-height-default elementor-section-height-default\" data-id=\"105bbb56\" data-element_type=\"section\">\n\t\t\t\t\t\t<div class=\"elementor-container elementor-column-gap-default\">\n\t\t\t\t\t<div class=\"elementor-column elementor-col-100 elementor-top-column elementor-element elementor-element-373a5cca\" data-id=\"373a5cca\" data-element_type=\"column\">\n\t\t\t<div class=\"elementor-widget-wrap elementor-element-populated\">\n\t\t\t\t\t\t<div class=\"elementor-element elementor-element-1efac92 elementor-widget elementor-widget-heading\" data-id=\"1efac92\" data-element_type=\"widget\" data-widget_type=\"heading.default\">\n\t\t\t\t<div class=\"elementor-widget-container\">\n\t\t\t\t\t<h1 class=\"elementor-heading-title elementor-size-default\">Imprima<\/h1>\t\t\t\t<\/div>\n\t\t\t\t<\/div>\n\t\t\t\t<div class=\"elementor-element elementor-element-28b1ede9 elementor-widget elementor-widget-text-editor\" data-id=\"28b1ede9\" data-element_type=\"widget\" data-widget_type=\"text-editor.default\">\n\t\t\t\t<div class=\"elementor-widget-container\">\n\t\t\t\t\t\t\t\t\t<p><strong style=\"color: var( --e-global-color-text );\"><b>\u00a0<\/b><\/strong><strong style=\"color: var( --e-global-color-text );\"><b>C\u00e9gn\u00e9v<\/b><\/strong><span style=\"color: var( --e-global-color-text );\">: Health and Youth Kereskedelmi \u00e9s Szolg\u00e1ltat\u00f3 Kft., a Weboldal \u00fczemeltet\u0151je.<\/span><\/p><p><strong><b>Sz\u00e9khely \u00e9s levelez\u00e9si c\u00edm<\/b><\/strong>: 1224 Budapest, Di\u00f3t\u00f6r\u0151 \u00fat 108.<\/p><p><strong><b>C\u00e9gjegyz\u00e9ksz\u00e1m<\/b><\/strong>: 01 09 299000 \u00a0<\/p><p><strong><b>Ad\u00f3sz\u00e1ma<\/b><\/strong>: 25966213-2-43<\/p><p><strong><b>Tel<\/b><\/strong>.: +36 70 610 8084<\/p><p><strong><b>T\u00e1rhelyszolg\u00e1ltat\u00f3 c\u00e9gneve<\/b><\/strong>: RACKFOREST ZRT. C\u00edm: 1132 Budapest, Victor Hugo utca 11. 5. em. B05001., https:\/\/rackforest.com\/<\/p><p><strong><b>Eg\u00e9szs\u00e9gk\u00f6zpont (rendel\u0151) c\u00edme<\/b><\/strong>: 1112 Bp. Billeget\u0151 utca 2\/c.; Tel.: +36 30 211 1979<\/p><p>A Honlap haszn\u00e1lata nem biztos\u00edt jogot a felhaszn\u00e1l\u00f3knak, olvas\u00f3knak a Honlapon szerepl\u0151 b\u00e1rmely kereskedelmi n\u00e9vnek, Arculati Elemnek (grafikai vagy egy\u00e9b sz\u00f6vegelemmel ell\u00e1tott rekl\u00e1manyag), Dokument\u00e1ci\u00f3nak vagy vide\u00f3nak haszn\u00e1lat\u00e1ra, hasznos\u00edt\u00e1s\u00e1ra; ide\u00e9rtve Dr. J\u00f3zsef Erik\u00e1ra val\u00f3 hivatkoz\u00e1st is a molekul\u00e1ris hidrog\u00e9nnel \u00f6sszef\u00fcgg\u00e9sben. A Honlap rendeltet\u00e9sszer\u0171 haszn\u00e1lat\u00e1val j\u00e1r\u00f3 megjelen\u00edt\u00e9sen, az ehhez sz\u00fcks\u00e9ges ideiglenes t\u00f6bbsz\u00f6r\u00f6z\u00e9sen \u00e9s a mag\u00e1nc\u00e9l\u00fa m\u00e1solatk\u00e9sz\u00edt\u00e9sen t\u00fal e szellemi alkot\u00e1sok a Szolg\u00e1ltat\u00f3\u00a0el\u0151zetes kifejezett \u00edr\u00e1sbeli enged\u00e9lye n\u00e9lk\u00fcl\u00a0semmilyen egy\u00e9b form\u00e1ban\u00a0nem haszn\u00e1lhat\u00f3k fel\u00a0vagy\u00a0hasznos\u00edthat\u00f3k.<\/p><p>Mai mult dec\u00e2t at\u00e2t, pagina \u00een \u00eentregime, adic\u0103 elementele sale grafice \u0219i solu\u021biile sale tehnice sunt protejate prin drepturi de autor sau alte drepturi de proprietate intelectual\u0103.<\/p><p>Societatea Health and Youth Kft. este utilizatorul autorizat al acestor bunuri intelectuale.<\/p>\t\t\t\t\t\t\t\t<\/div>\n\t\t\t\t<\/div>\n\t\t\t\t\t<\/div>\n\t\t<\/div>\n\t\t\t\t\t<\/div>\n\t\t<\/section>\n\t\t\t\t<\/div>","protected":false},"excerpt":{"rendered":"<p>Impresszum \u00a0C\u00e9gn\u00e9v: Health and Youth Kereskedelmi \u00e9s Szolg\u00e1ltat\u00f3 Kft., a Weboldal \u00fczemeltet\u0151je. Sz\u00e9khely \u00e9s levelez\u00e9si c\u00edm: 1224 Budapest, Di\u00f3t\u00f6r\u0151 \u00fat 108. C\u00e9gjegyz\u00e9ksz\u00e1m: 01 09 299000 \u00a0 Ad\u00f3sz\u00e1ma: 25966213-2-43 Tel.: +36 70 610 8084 T\u00e1rhelyszolg\u00e1ltat\u00f3 c\u00e9gneve: RACKFOREST ZRT. C\u00edm: 1132 Budapest, Victor Hugo utca 11. 5. em. B05001., https:\/\/rackforest.com\/ Eg\u00e9szs\u00e9gk\u00f6zpont (rendel\u0151) c\u00edme: 1112 Bp. Billeget\u0151 utca [&hellip;]<\/p>","protected":false},"author":2,"featured_media":0,"parent":0,"menu_order":0,"comment_status":"closed","ping_status":"closed","template":"","meta":{"footnotes":""},"class_list":["post-3165","page","type-page","status-publish","hentry"],"_links":{"self":[{"href":"https:\/\/clone.healthandyouth.hu\/ro\/wp-json\/wp\/v2\/pages\/3165","targetHints":{"allow":["GET"]}}],"collection":[{"href":"https:\/\/clone.healthandyouth.hu\/ro\/wp-json\/wp\/v2\/pages"}],"about":[{"href":"https:\/\/clone.healthandyouth.hu\/ro\/wp-json\/wp\/v2\/types\/page"}],"author":[{"embeddable":true,"href":"https:\/\/clone.healthandyouth.hu\/ro\/wp-json\/wp\/v2\/users\/2"}],"replies":[{"embeddable":true,"href":"https:\/\/clone.healthandyouth.hu\/ro\/wp-json\/wp\/v2\/comments?post=3165"}],"version-history":[{"count":0,"href":"https:\/\/clone.healthandyouth.hu\/ro\/wp-json\/wp\/v2\/pages\/3165\/revisions"}],"wp:attachment":[{"href":"https:\/\/clone.healthandyouth.hu\/ro\/wp-json\/wp\/v2\/media?parent=3165"}],"curies":[{"name":"wp","href":"https:\/\/api.w.org\/{rel}","templated":true}]}}