{"id":5574,"date":"2022-07-20T17:06:33","date_gmt":"2022-07-20T15:06:33","guid":{"rendered":"https:\/\/clone.healthandyouth.hu\/?post_type=product&#038;p=5574"},"modified":"2022-07-20T17:08:29","modified_gmt":"2022-07-20T15:08:29","slug":"immunlife-gold-180-db-kapszula","status":"publish","type":"product","link":"https:\/\/clone.healthandyouth.hu\/en\/product-2\/immunlife-gold-180-db-kapszula\/","title":{"rendered":"ImmunLife Gold  180 db kapszula"},"content":{"rendered":"<p><strong>Az ImmunLife Gold algakever\u00e9k \u00f6sszetev\u0151it a leg\u00fajabb kutat\u00e1soknak \u00e9s a legmagasabb elv\u00e1r\u00e1soknak megfelel\u0151en v\u00e1logatt\u00e1k \u00f6ssze \u00e9s monoatomos arannyal eg\u00e9sz\u00edtett\u00e9k ki. <\/strong><\/p>\n<h2>Mi az a MONOATOMOS ARANY (MONATOMIC GOLD)<\/h2>\n<p>A monoatomos arany vagy ORME David Hudson \u00e1ltal alkotott kifejez\u00e9s, amelyet a monoatomos aranyra, illetve monoatomos elemekre haszn\u00e1lnak. \u00a0A monoatomos aranyat, illetve a monoatomos f\u00e9meket csak a k\u00f6zelm\u00faltban ismert\u00e9k el a szil\u00e1rd, foly\u00e9kony \u00e9s g\u00e1z feletti <strong>negyedik halmaz\u00e1llapot<\/strong>k\u00e9nt.<\/p>\n<p><strong>Ez egy szupravezet\u0151, elemei rezon\u00e1lnak az \u0151senergi\u00e1val, a nullponttal, ahonnan minden \u00e9let sz\u00e1rmazik, \u00e9s amely a lehet\u0151s\u00e9gek kvantumpotenci\u00e1lja.<\/strong><\/p>\n<p>Egy m\u00e1sik \u0151si kifejez\u00e9st is haszn\u00e1lnak a monatomikus aranyra: MANA \u201eaz istenek t\u00e1pl\u00e1l\u00e9ka\u201d<\/p>\n<h2><strong>What does it do?<\/strong><\/h2>\n<h3><strong>FELT\u00d6LT \u00c9S ENERGETIZ\u00c1L<\/strong><\/h3>\n<p>Az ImmunLife algakever\u00e9k\u00a0felt\u00f6lti a testet az optim\u00e1lis\u00a0m\u0171k\u00f6d\u00e9shez sz\u00fcks\u00e9ges mikrot\u00e1panyagokkal.<\/p>\n<h3><strong>T\u00c1MOGATJA A GY\u00d3GYUL\u00c1ST<\/strong><\/h3>\n<p>Az ImmunLife Gold seg\u00edti a helyre\u00e1ll\u00edt\u00e1si, gy\u00f3gyul\u00e1si folyamatokat, hogy hamarabb fel\u00e9p\u00fclj\u00fcnk betegs\u00e9geinkb\u0151l.<\/p>\n<h3><strong>SZ\u00c9PS\u00c9G, RAGYOG\u00c1S, VONZER\u0150<\/strong><\/h3>\n<p>Hozz\u00e1j\u00e1rul az eg\u00e9szs\u00e9ges szem, b\u0151r, k\u00f6rm\u00f6k, haj fenntart\u00e1s\u00e1hoz a sug\u00e1rz\u00f3 megjelen\u00e9shez.<\/p>\n<p>Az ImmunLife Gold bio-n\u00f6v\u00e9nyi \u00f6sszetev\u0151i &#8222;bels\u0151 sz\u00e9ps\u00e9g&#8221; megsz\u00fclet\u00e9s\u00e9t teszik lehet\u0151v\u00e9 minden nap.<\/p>\n<h3><strong>HOZZ\u00c1J\u00c1RUL A FIATALOS LEND\u00dcLET, VITALIT\u00c1S MEGTART\u00c1S\u00c1HOZ<\/strong><\/h3>\n<p>A modern orvostudom\u00e1nynak k\u00f6sz\u00f6nhet\u0151en egyre hosszabb az \u00e9let, de a vitalit\u00e1s jelent\u0151sen cs\u00f6kken az \u00e9vek m\u00fal\u00e1s\u00e1val.\u00a0Az ImmunLife Gold tiszta, pr\u00e9mium min\u0151s\u00e9g\u0171 vitaminokkal, \u00e1sv\u00e1nyi anyagokkal, enzimekkel \u00e9s nyomelemekkel t\u00e1mogatja a szervezetet.<\/p>\n<p>A monoatomikus arany \u00e1ltal kibocs\u00e1tott elemi \u00e9leter\u0151 \u00fajrat\u00f6lti, megfiatal\u00edtja test\u00fcnk minden egyes sejtj\u00e9t. A fogyaszt\u00f3k megn\u00f6vekedett ment\u00e1lis tisztas\u00e1gr\u00f3l, nyugalomr\u00f3l, megn\u00f6vekedett intuit\u00edv k\u00e9pess\u00e9gr\u0151l, \u00e9lesl\u00e1t\u00e1sr\u00f3l \u00e9s a tudatoss\u00e1g magasabb \u00e1llapot\u00e1hoz val\u00f3 kapcsol\u00f3d\u00e1s \u00e9rz\u00e9s\u00e9r\u0151l sz\u00e1molnak be.<\/p>\n<p>&nbsp;<\/p>\n<h3><strong>TERM\u00c9K JELLEMZ\u0150K:<\/strong><\/h3>\n<p><strong>Gy\u00e1rt\u00f3 \u00e9s forgalmaz\u00f3: Ruby Healing Ltd.<\/strong><\/p>\n<p><strong>OGY\u00c9I notifik\u00e1ci\u00f3s sz\u00e1m: 28136\/2022<\/strong><\/p>\n<p><strong>Figyelmeztet\u00e9s! A monoatomos arany elekrom\u00e1gneses sug\u00e1rz\u00e1s hat\u00e1s\u00e1ra k\u00e1rosodhat, ez\u00e9rt EM-blokkol\u00f3 tasakban vannak a kapszul\u00e1k. K\u00e9rj\u00fck, csak k\u00f6zvetlen\u00fcl a fogyaszt\u00e1s el\u0151tt vegye ki a kapszul\u00e1kat, majd gondosan z\u00e1rja vissza a tasakot!<\/strong><\/p>\n<p><strong>A term\u00e9k Vegan, GMO mentes \u00e9s nem tartalmaz hozz\u00e1adott cukrot, tart\u00f3s\u00edt\u00f3szereket, adal\u00e9kanyagokat.<\/strong><\/p>\n<p><strong>GMP, Kosher, Halal, HACCP, CERES min\u0151s\u00edt\u00e9si tan\u00fas\u00edtv\u00e1nyokkal \u00e9s FDA regisztr\u00e1ci\u00f3val rendelkezik.<\/strong><\/p>","protected":false},"excerpt":{"rendered":"<p>Az ImmunLife Gold algakever\u00e9k \u00f6sszetev\u0151it a leg\u00fajabb kutat\u00e1soknak \u00e9s a legmagasabb elv\u00e1r\u00e1soknak megfelel\u0151en v\u00e1logatt\u00e1k \u00f6ssze. C\u00e9lunk, hogy a mai modern ember term\u00e9szett\u0151l t\u00e1volod\u00f3 \u00e9letm\u00f3dja ellen\u00e9re megtapasztalhassa az eg\u00e9szs\u00e9ges, energikus, szellemileg friss, hossz\u00fa \u00e9letet!<\/p>","protected":false},"featured_media":5575,"comment_status":"open","ping_status":"closed","template":"","meta":[],"product_brand":[],"product_cat":[219],"product_tag":[],"class_list":{"0":"post-5574","1":"product","2":"type-product","3":"status-publish","4":"has-post-thumbnail","6":"product_cat-mikroalga","8":"first","9":"instock","10":"shipping-taxable","11":"purchasable","12":"product-type-simple"},"_links":{"self":[{"href":"https:\/\/clone.healthandyouth.hu\/en\/wp-json\/wp\/v2\/product\/5574","targetHints":{"allow":["GET"]}}],"collection":[{"href":"https:\/\/clone.healthandyouth.hu\/en\/wp-json\/wp\/v2\/product"}],"about":[{"href":"https:\/\/clone.healthandyouth.hu\/en\/wp-json\/wp\/v2\/types\/product"}],"replies":[{"embeddable":true,"href":"https:\/\/clone.healthandyouth.hu\/en\/wp-json\/wp\/v2\/comments?post=5574"}],"wp:featuredmedia":[{"embeddable":true,"href":"https:\/\/clone.healthandyouth.hu\/en\/wp-json\/wp\/v2\/media\/5575"}],"wp:attachment":[{"href":"https:\/\/clone.healthandyouth.hu\/en\/wp-json\/wp\/v2\/media?parent=5574"}],"wp:term":[{"taxonomy":"product_brand","embeddable":true,"href":"https:\/\/clone.healthandyouth.hu\/en\/wp-json\/wp\/v2\/product_brand?post=5574"},{"taxonomy":"product_cat","embeddable":true,"href":"https:\/\/clone.healthandyouth.hu\/en\/wp-json\/wp\/v2\/product_cat?post=5574"},{"taxonomy":"product_tag","embeddable":true,"href":"https:\/\/clone.healthandyouth.hu\/en\/wp-json\/wp\/v2\/product_tag?post=5574"}],"curies":[{"name":"wp","href":"https:\/\/api.w.org\/{rel}","templated":true}]}}