{"id":3176,"date":"2022-03-03T09:30:18","date_gmt":"2022-03-03T08:30:18","guid":{"rendered":"https:\/\/clone.healthandyouth.hu\/?page_id=3176"},"modified":"2024-11-18T14:34:57","modified_gmt":"2024-11-18T13:34:57","slug":"shipping-and-payment","status":"publish","type":"page","link":"https:\/\/clone.healthandyouth.hu\/en\/shipping-and-payment\/","title":{"rendered":"SHIPPING AND PAYMENT"},"content":{"rendered":"<div data-elementor-type=\"wp-page\" data-elementor-id=\"3176\" class=\"elementor elementor-3176\" data-elementor-post-type=\"page\">\n\t\t\t\t\t\t<section class=\"elementor-section elementor-top-section elementor-element elementor-element-6bad18c4 elementor-section-boxed elementor-section-height-default elementor-section-height-default\" data-id=\"6bad18c4\" data-element_type=\"section\">\n\t\t\t\t\t\t<div class=\"elementor-container elementor-column-gap-default\">\n\t\t\t\t\t<div class=\"elementor-column elementor-col-100 elementor-top-column elementor-element elementor-element-33921dd5\" data-id=\"33921dd5\" data-element_type=\"column\">\n\t\t\t<div class=\"elementor-widget-wrap elementor-element-populated\">\n\t\t\t\t\t\t<div class=\"elementor-element elementor-element-8c269e1 elementor-widget elementor-widget-text-editor\" data-id=\"8c269e1\" data-element_type=\"widget\" data-widget_type=\"text-editor.default\">\n\t\t\t\t<div class=\"elementor-widget-container\">\n\t\t\t\t\t\t\t\t\t<p>The prices on our website include the current 27% VAT, but do not include the shipping fee. We don\u2019t charge extra for packaging.<\/p><p>The shipping fee is added to the amount of your purchase before checking out.<\/p><p><strong>Delivery time:\u00a0<\/strong>We deliver within 1-2 working days to any part of the country, if you place your order before 12:00 on working days.<\/p><p>Delivery time: 1 working day within Budapest and 2-3 working days outside Budapest \u2013 if you place your order until 12:00pm on a working day.<\/p><p><strong>If you place your order after 12:00pm on a working day or on a public holiday, your package will be sent out on the following working day.<\/strong><\/p><p class=\"translation-block\">You will be notified of the delivery by e-mail on the day before delivery and by text message on the day of delivery.<\/p><p>We deliver anywhere in the world, for areas outside of Hungary it is only necessary to negotiate the individual delivery fee confirmed by the customer service.<\/p><h2>SHIPPING METHODS:<\/h2><p><strong>In Hungary:<\/strong><\/p><p>Delivery to your shipping address, to a GLS ParcelLocker  or to a GLS pick-up point<\/p><p>You can chose where you want your purchased products to be delivered during placing your order. Delivery to a given shipping address takes place between 8: 00 and 17: 00 on business days. Please provide a shipping address where you can surely receive the package.<\/p><p>You can pick up your package from the parcel locker or the pick-up point for 5 days after you are notified.<\/p><p>In order to take it from the parcel locker, you will need a code which we will send you via e-mail or in a text message. You must present an identity card when you wish to pick up your product at a GLS pick-up point.<\/p><p>When chosing your shipment option, you can search for the closest GLS parcel locker or pick-up point.<\/p><p><strong>Foreign delivery:<\/strong><\/p><p>FedEx delivers the ordered package to addresses outside Hungary.\u00a0<\/p><figure><img decoding=\"async\" src=\"https:\/\/clone.healthandyouth.hu\/wp-content\/uploads\/2022\/03\/gls-logo-color-pos-rgb-1063x286px-download-35195-300x811-1.png\" alt=\"\" \/><\/figure><h2>SHIPPING FEES:<\/h2><p><strong>Shipping to your home:<\/strong>\u00a03000 Huf, including 27% VAT<\/p><p>Shipping to your home with Magyar Posta: 3000 Huf, including 27% VAT<\/p><p>Ha legal\u00e1bb brutt\u00f3 49 000 Ft \u00e9rt\u00e9kben v\u00e1s\u00e1rol, a sz\u00e1ll\u00edt\u00e1s d\u00edj\u00e1t elengedj\u00fck.<\/p><p>Shipping to a GLS pick-up point: 2700 HUF<\/p><p>Shipping to a GLS ParcelLocker:  940 HUF<\/p><p>Shipping to a Post point: 2800 HUF<\/p><h2>PAYMENT METHODS:<\/h2><p>Payment by bank card: card transaction takes place  via SimplePlay, on the page of\u00a0<strong>OTP Mobile Service Provider Ltd.\u00a0<\/strong>It processes the card data securely, in accordance with international security standards. Payments are made using SSL encryption, which means that unauthorized persons cannot access the card data.<\/p><p>We can accept VISA and MasterCard<\/p><p class=\"translation-block\">COD payment: you pay the price of your product and the shipping by cash or card to the courier.<\/p><p><strong>Bank transfer:<\/strong>\u00a0in this case we will send your package after receiving the transfer.<\/p><p><strong>Account holder: Health and Youth Kft.<\/strong>\u00a0HEALTH AND YOUTH KFT.<\/p><p><strong>Bank: Erste Bank Hungary Zrt.\u00a0<\/strong>Erste Bank Hungary Zrt.<\/p><p><strong>Account number:\u00a0<\/strong>11600006-00000000-85339725<\/p><p class=\"translation-block\">Order cancellation by email is possible before shipping at ugyfelszolgalat@healthandyouth.hu<\/p><p>In case of delivery outside Hungary, you can only pay by bank transfer.<\/p>\t\t\t\t\t\t\t\t<\/div>\n\t\t\t\t<\/div>\n\t\t\t\t\t<\/div>\n\t\t<\/div>\n\t\t\t\t\t<\/div>\n\t\t<\/section>\n\t\t\t\t<\/div>","protected":false},"excerpt":{"rendered":"<p>A honlapunkon a term\u00e9keink mellett felt\u00fcntetett \u00e1rak brutt\u00f3 \u00e1rak, azaz tartalmazz\u00e1k a jelenleg \u00e9rv\u00e9nyes 27%-os \u00c1F\u00c1-t, de nem tartalmazz\u00e1k a sz\u00e1ll\u00edt\u00e1s k\u00f6lts\u00e9g\u00e9t. A csomagol\u00e1s\u00e9rt nem sz\u00e1m\u00edtunk fel k\u00fcl\u00f6n d\u00edjat. A sz\u00e1ll\u00edt\u00e1sik\u00f6lts\u00e9get a megrendel\u00e9s \u00f6sszegz\u00e9sekor t\u00fcntetj\u00fck fel. Sz\u00e1ll\u00edt\u00e1si id\u0151:\u00a01-2 munkanapon bel\u00fcl az orsz\u00e1g b\u00e1rmely ter\u00fclet\u00e9n kisz\u00e1ll\u00edtjuk, amennyiben megrendel\u00e9s\u00e9t munkanapokon 12 \u00f3r\u00e1ig adja le. Amennyiben megrendel\u00e9se munkanapokon [&hellip;]<\/p>","protected":false},"author":2,"featured_media":0,"parent":0,"menu_order":0,"comment_status":"closed","ping_status":"closed","template":"","meta":{"footnotes":""},"class_list":["post-3176","page","type-page","status-publish","hentry"],"_links":{"self":[{"href":"https:\/\/clone.healthandyouth.hu\/en\/wp-json\/wp\/v2\/pages\/3176","targetHints":{"allow":["GET"]}}],"collection":[{"href":"https:\/\/clone.healthandyouth.hu\/en\/wp-json\/wp\/v2\/pages"}],"about":[{"href":"https:\/\/clone.healthandyouth.hu\/en\/wp-json\/wp\/v2\/types\/page"}],"author":[{"embeddable":true,"href":"https:\/\/clone.healthandyouth.hu\/en\/wp-json\/wp\/v2\/users\/2"}],"replies":[{"embeddable":true,"href":"https:\/\/clone.healthandyouth.hu\/en\/wp-json\/wp\/v2\/comments?post=3176"}],"version-history":[{"count":0,"href":"https:\/\/clone.healthandyouth.hu\/en\/wp-json\/wp\/v2\/pages\/3176\/revisions"}],"wp:attachment":[{"href":"https:\/\/clone.healthandyouth.hu\/en\/wp-json\/wp\/v2\/media?parent=3176"}],"curies":[{"name":"wp","href":"https:\/\/api.w.org\/{rel}","templated":true}]}}