{"id":1341,"date":"2022-01-14T08:48:12","date_gmt":"2022-01-14T07:48:12","guid":{"rendered":"https:\/\/clone.healthandyouth.hu\/?page_id=1341"},"modified":"2022-01-19T15:04:19","modified_gmt":"2022-01-19T14:04:19","slug":"kiemelt-termekek","status":"publish","type":"page","link":"https:\/\/clone.healthandyouth.hu\/en\/kiemelt-termekek\/","title":{"rendered":"Featured Product"},"content":{"rendered":"<div data-elementor-type=\"wp-page\" data-elementor-id=\"1341\" class=\"elementor elementor-1341\" data-elementor-post-type=\"page\">\n\t\t\t\t\t\t<section class=\"elementor-section elementor-top-section elementor-element elementor-element-0aed314 a-cat-sect elementor-section-boxed elementor-section-height-default elementor-section-height-default\" data-id=\"0aed314\" data-element_type=\"section\">\n\t\t\t\t\t\t<div class=\"elementor-container elementor-column-gap-default\">\n\t\t\t\t\t<div class=\"elementor-column elementor-col-100 elementor-top-column elementor-element elementor-element-80a2d7d\" data-id=\"80a2d7d\" data-element_type=\"column\">\n\t\t\t<div class=\"elementor-widget-wrap elementor-element-populated\">\n\t\t\t\t\t\t<div class=\"elementor-element elementor-element-32f6a17 elementor-widget__width-auto a-dd-list elementor-list-item-link-full_width elementor-widget elementor-widget-icon-list\" data-id=\"32f6a17\" data-element_type=\"widget\" data-widget_type=\"icon-list.default\">\n\t\t\t\t<div class=\"elementor-widget-container\">\n\t\t\t\t\t\t\t<ul class=\"elementor-icon-list-items\">\n\t\t\t\t\t\t\t<li class=\"elementor-icon-list-item\">\n\t\t\t\t\t\t\t\t\t\t<span class=\"elementor-icon-list-text\">QUICKLIST ...<\/span>\n\t\t\t\t\t\t\t\t\t<\/li>\n\t\t\t\t\t\t\t\t<li class=\"elementor-icon-list-item\">\n\t\t\t\t\t\t\t\t\t\t\t<a href=\"\/en\/kiemelt-termekek\/\">\n\n\t\t\t\t\t\t\t\t\t\t\t<span class=\"elementor-icon-list-text\">Featured Product<\/span>\n\t\t\t\t\t\t\t\t\t\t\t<\/a>\n\t\t\t\t\t\t\t\t\t<\/li>\n\t\t\t\t\t\t\t\t<li class=\"elementor-icon-list-item\">\n\t\t\t\t\t\t\t\t\t\t\t<a href=\"\/en\/nepszeru-termekek\/\">\n\n\t\t\t\t\t\t\t\t\t\t\t<span class=\"elementor-icon-list-text\">Popular Products<\/span>\n\t\t\t\t\t\t\t\t\t\t\t<\/a>\n\t\t\t\t\t\t\t\t\t<\/li>\n\t\t\t\t\t\t\t\t<li class=\"elementor-icon-list-item\">\n\t\t\t\t\t\t\t\t\t\t\t<a href=\"\/en\/legujabb-termekek\/\">\n\n\t\t\t\t\t\t\t\t\t\t\t<span class=\"elementor-icon-list-text\">Latest Product<\/span>\n\t\t\t\t\t\t\t\t\t\t\t<\/a>\n\t\t\t\t\t\t\t\t\t<\/li>\n\t\t\t\t\t\t\t\t<li class=\"elementor-icon-list-item\">\n\t\t\t\t\t\t\t\t\t\t\t<a href=\"\/en\/products\/\">\n\n\t\t\t\t\t\t\t\t\t\t\t<span class=\"elementor-icon-list-text\">\u00d6sszes term\u00e9k<\/span>\n\t\t\t\t\t\t\t\t\t\t\t<\/a>\n\t\t\t\t\t\t\t\t\t<\/li>\n\t\t\t\t\t\t<\/ul>\n\t\t\t\t\t\t<\/div>\n\t\t\t\t<\/div>\n\t\t\t\t<div class=\"elementor-element elementor-element-313afb0 elementor-widget__width-auto jet-smart-filter-content-position-column jet-smart-filter-group-position-column elementor-widget elementor-widget-jet-smart-filters-select\" data-id=\"313afb0\" data-element_type=\"widget\" data-widget_type=\"jet-smart-filters-select.default\">\n\t\t\t\t<div class=\"elementor-widget-container\">\n\t\t\t\t\t<div class=\"jet-smart-filters-select jet-filter\" data-indexer-rule=\"show\" data-show-counter=\"\" data-change-counter=\"always\"><div class=\"jet-select\" data-query-type=\"tax_query\" data-query-var=\"product_cat\" data-smart-filter=\"select\" data-filter-id=\"1472\" data-apply-type=\"ajax\" data-content-provider=\"jet-engine\" data-additional-providers=\"[&quot;jet-engine\\\/default&quot;]\" data-query-id=\"default\" data-active-label=\"Kateg\u00f3ri\u00e1k\" data-layout-options=\"{&quot;show_label&quot;:&quot;&quot;,&quot;display_options&quot;:{&quot;show_items_label&quot;:false,&quot;show_decorator&quot;:false,&quot;filter_image_size&quot;:&quot;full&quot;,&quot;show_counter&quot;:false}}\" data-query-var-suffix=\"\" data-apply-on=\"value\">\n\t\t\t\t<select\n\t\t\tclass=\"jet-select__control\"\n\t\t\tname=\"product_cat\"\n\t\t\t\t\t\taria-label=\"Kateg\u00f3ri\u00e1k\"\n\t\t>\n\t\t\n\t\t\t\t\t<option\n\t\t\t\tvalue=\"\"\n\t\t\t\tdata-label=\"Kateg\u00f3ria v\u00e1laszt\u00e1s...\"\n\t\t\t\tdata-counter-prefix=\"\"\n\t\t\t\tdata-counter-suffix=\"\"\n\t\t\t\t\t\t\t\t\t\t\t>Select category<\/option>\n\t\t\t\t\t\t<option\n\t\t\t\tvalue=\"66\"\n\t\t\t\tdata-label=\"Diagnosztikai vizsg\u00e1lat\"\n\t\t\t\tdata-counter-prefix=\"\"\n\t\t\t\tdata-counter-suffix=\"\"\n\t\t\t\t\t\t\t\t\t\t\t>Diagnostic test<\/option>\n\t\t\t\t\t\t<option\n\t\t\t\tvalue=\"229\"\n\t\t\t\tdata-label=\"em\u00e9szt\u0151enzimek\"\n\t\t\t\tdata-counter-prefix=\"\"\n\t\t\t\tdata-counter-suffix=\"\"\n\t\t\t\t\t\t\t\t\t\t\t>digestive enzymes<\/option>\n\t\t\t\t\t\t<option\n\t\t\t\tvalue=\"20\"\n\t\t\t\tdata-label=\"Herbaferm term\u00e9kek\"\n\t\t\t\tdata-counter-prefix=\"\"\n\t\t\t\tdata-counter-suffix=\"\"\n\t\t\t\t\t\t\t\t\t\t\t>Herbaferm products<\/option>\n\t\t\t\t\t\t<option\n\t\t\t\tvalue=\"23\"\n\t\t\t\tdata-label=\"Hidrog\u00e9n tabletta\"\n\t\t\t\tdata-counter-prefix=\"\"\n\t\t\t\tdata-counter-suffix=\"\"\n\t\t\t\t\t\t\t\t\t\t\t>Hydrogen tablet<\/option>\n\t\t\t\t\t\t<option\n\t\t\t\tvalue=\"219\"\n\t\t\t\tdata-label=\"Mikroalga\"\n\t\t\t\tdata-counter-prefix=\"\"\n\t\t\t\tdata-counter-suffix=\"\"\n\t\t\t\t\t\t\t\t\t\t\t>Microalgae<\/option>\n\t\t\t\t\t\t<option\n\t\t\t\tvalue=\"24\"\n\t\t\t\tdata-label=\"Omega 3 olajok\"\n\t\t\t\tdata-counter-prefix=\"\"\n\t\t\t\tdata-counter-suffix=\"\"\n\t\t\t\t\t\t\t\t\t\t\t>Omega 3 oils<\/option>\n\t\t\t<\/select>\n\t<\/div>\n<\/div>\t\t\t\t<\/div>\n\t\t\t\t<\/div>\n\t\t\t\t<div class=\"elementor-element elementor-element-f57fb5e elementor-widget__width-auto elementor-widget elementor-widget-jet-smart-filters-sorting\" data-id=\"f57fb5e\" data-element_type=\"widget\" data-widget_type=\"jet-smart-filters-sorting.default\">\n\t\t\t\t<div class=\"elementor-widget-container\">\n\t\t\t\t\t<div class=\"jet-smart-filters-sorting jet-filter\"><div class=\"jet-sorting jet-sorting--flex-column\"  data-smart-filter=\"sorting\" data-query-type=\"sort\" data-query-var=\"standard\" data-content-provider=\"jet-engine\" data-query-id=\"default\" data-apply-type=\"ajax\" data-apply-on=\"value\" data-additional-providers=\"\">\n\t\t<select\n\t\tclass=\"jet-sorting-select\"\n\t\tname=\"select-name\"\n\t\t\t\taria-label=\"Sort filter\"\n\t>\n\t\t\t\t\t<option value=\"\">Arrange<\/option>\n\t\t\t\t\t\t\t\t\t\t<option\n\t\t\t\tvalue=\"{&quot;orderby&quot;:&quot;title&quot;,&quot;order&quot;:&quot;ASC&quot;}\"\n\t\t\t\t\t\t\t>A - Z<\/option>\n\t\t\t\t\t\t\t\t<option\n\t\t\t\tvalue=\"{&quot;orderby&quot;:&quot;title&quot;,&quot;order&quot;:&quot;DESC&quot;}\"\n\t\t\t\t\t\t\t>Z - A<\/option>\n\t\t\t\t\t\t\t\t<option\n\t\t\t\tvalue=\"{&quot;orderby&quot;:&quot;price&quot;,&quot;order&quot;:&quot;ASC&quot;}\"\n\t\t\t\t\t\t\t>Cheap - Expensive<\/option>\n\t\t\t\t\t\t\t\t<option\n\t\t\t\tvalue=\"{&quot;orderby&quot;:&quot;price&quot;,&quot;order&quot;:&quot;DESC&quot;}\"\n\t\t\t\t\t\t\t>Expensive - Cheap<\/option>\n\t\t\t<\/select>\n<\/div><\/div>\t\t\t\t<\/div>\n\t\t\t\t<\/div>\n\t\t\t\t\t<\/div>\n\t\t<\/div>\n\t\t\t\t\t<\/div>\n\t\t<\/section>\n\t\t\t\t<section class=\"elementor-section elementor-top-section elementor-element elementor-element-774fdf7 elementor-section-content-top elementor-section-boxed elementor-section-height-default elementor-section-height-default\" data-id=\"774fdf7\" data-element_type=\"section\">\n\t\t\t\t\t\t<div class=\"elementor-container elementor-column-gap-no\">\n\t\t\t\t\t<div class=\"elementor-column elementor-col-100 elementor-top-column elementor-element elementor-element-eb9213e\" data-id=\"eb9213e\" data-element_type=\"column\">\n\t\t\t<div class=\"elementor-widget-wrap elementor-element-populated\">\n\t\t\t\t\t\t<div class=\"elementor-element elementor-element-23633dd elementor-widget elementor-widget-heading\" data-id=\"23633dd\" data-element_type=\"widget\" data-widget_type=\"heading.default\">\n\t\t\t\t<div class=\"elementor-widget-container\">\n\t\t\t\t\t<h1 class=\"elementor-heading-title elementor-size-default\">Featured Product<\/h1>\t\t\t\t<\/div>\n\t\t\t\t<\/div>\n\t\t\t\t<div class=\"elementor-element elementor-element-fe099cc a-featured-list elementor-widget elementor-widget-jet-listing-grid\" data-id=\"fe099cc\" data-element_type=\"widget\" data-settings=\"{&quot;columns&quot;:&quot;1&quot;}\" data-widget_type=\"jet-listing-grid.default\">\n\t\t\t\t<div class=\"elementor-widget-container\">\n\t\t\t\t\t<div class=\"jet-listing-grid jet-listing\"><div class=\"jet-listing-grid__items grid-col-desk-1 grid-col-tablet-1 grid-col-mobile-1 jet-listing-grid--498 woocommerce\" data-queried-id=\"1341|WP_Post\" data-nav=\"{&quot;enabled&quot;:true,&quot;type&quot;:&quot;scroll&quot;,&quot;more_el&quot;:null,&quot;query&quot;:{&quot;post_status&quot;:[&quot;publish&quot;],&quot;post_type&quot;:&quot;product&quot;,&quot;posts_per_page&quot;:&quot;12&quot;,&quot;paged&quot;:&quot;1&quot;,&quot;ignore_sticky_posts&quot;:&quot;1&quot;,&quot;meta_query&quot;:[{&quot;key&quot;:&quot;kiemelt-termek&quot;,&quot;value&quot;:&quot;true&quot;,&quot;compare&quot;:&quot;=&quot;,&quot;type&quot;:&quot;CHAR&quot;}],&quot;suppress_filters&quot;:false,&quot;jet_smart_filters&quot;:&quot;jet-engine\\\/default&quot;},&quot;widget_settings&quot;:{&quot;lisitng_id&quot;:498,&quot;posts_num&quot;:12,&quot;columns&quot;:1,&quot;columns_tablet&quot;:1,&quot;columns_mobile&quot;:1,&quot;column_min_width&quot;:240,&quot;column_min_width_tablet&quot;:240,&quot;column_min_width_mobile&quot;:240,&quot;inline_columns_css&quot;:false,&quot;is_archive_template&quot;:&quot;&quot;,&quot;post_status&quot;:[&quot;publish&quot;],&quot;use_random_posts_num&quot;:&quot;&quot;,&quot;max_posts_num&quot;:9,&quot;not_found_message&quot;:&quot;Nincs ilyen term\\u00e9k.&quot;,&quot;is_masonry&quot;:false,&quot;equal_columns_height&quot;:&quot;&quot;,&quot;use_load_more&quot;:&quot;yes&quot;,&quot;load_more_id&quot;:&quot;&quot;,&quot;load_more_type&quot;:&quot;scroll&quot;,&quot;load_more_offset&quot;:{&quot;unit&quot;:&quot;px&quot;,&quot;size&quot;:0,&quot;sizes&quot;:[]},&quot;use_custom_post_types&quot;:&quot;&quot;,&quot;custom_post_types&quot;:[],&quot;hide_widget_if&quot;:&quot;&quot;,&quot;carousel_enabled&quot;:&quot;&quot;,&quot;slides_to_scroll&quot;:&quot;1&quot;,&quot;arrows&quot;:&quot;true&quot;,&quot;arrow_icon&quot;:&quot;fa fa-angle-left&quot;,&quot;dots&quot;:&quot;&quot;,&quot;autoplay&quot;:&quot;true&quot;,&quot;pause_on_hover&quot;:&quot;true&quot;,&quot;autoplay_speed&quot;:5000,&quot;infinite&quot;:&quot;true&quot;,&quot;center_mode&quot;:&quot;&quot;,&quot;effect&quot;:&quot;slide&quot;,&quot;speed&quot;:500,&quot;inject_alternative_items&quot;:&quot;&quot;,&quot;injection_items&quot;:[],&quot;scroll_slider_enabled&quot;:&quot;&quot;,&quot;scroll_slider_on&quot;:[&quot;desktop&quot;,&quot;tablet&quot;,&quot;mobile&quot;],&quot;custom_query&quot;:false,&quot;custom_query_id&quot;:&quot;&quot;,&quot;_element_id&quot;:&quot;&quot;,&quot;collapse_first_last_gap&quot;:false,&quot;list_tag_selection&quot;:&quot;&quot;,&quot;list_items_wrapper_tag&quot;:&quot;div&quot;,&quot;list_item_tag&quot;:&quot;div&quot;,&quot;empty_items_wrapper_tag&quot;:&quot;div&quot;}}\" data-page=\"1\" data-pages=\"1\" data-listing-source=\"posts\" data-listing-id=\"498\" data-query-id=\"\"><div class=\"jet-listing-grid__item jet-listing-dynamic-post-318\" data-post-id=\"318\"  ><style type=\"text\/css\">.jet-listing-dynamic-post-318 .elementor-element.elementor-element-65bfbcf:not(.elementor-motion-effects-element-type-background), .jet-listing-dynamic-post-318 .elementor-element.elementor-element-65bfbcf > .elementor-motion-effects-container > .elementor-motion-effects-layer{background-image:url(\"https:\/\/clone.healthandyouth.hu\/wp-content\/uploads\/2022\/01\/tmp-slide-2.jpg\");}<\/style>\t\t<div data-elementor-type=\"jet-listing-items\" data-elementor-id=\"498\" class=\"elementor elementor-498\" data-elementor-post-type=\"jet-engine\">\n\t\t\t\t\t\t<section class=\"elementor-section elementor-top-section elementor-element elementor-element-65bfbcf a-silde-static elementor-section-boxed elementor-section-height-default elementor-section-height-default\" data-id=\"65bfbcf\" data-element_type=\"section\" data-settings=\"{&quot;background_background&quot;:&quot;classic&quot;}\">\n\t\t\t\t\t\t<div class=\"elementor-container elementor-column-gap-default\">\n\t\t\t\t\t<div class=\"elementor-column elementor-col-50 elementor-top-column elementor-element elementor-element-cfecbe2\" data-id=\"cfecbe2\" data-element_type=\"column\">\n\t\t\t<div class=\"elementor-widget-wrap elementor-element-populated\">\n\t\t\t\t\t\t<div class=\"elementor-element elementor-element-7d61433 elementor-widget elementor-widget-image\" data-id=\"7d61433\" data-element_type=\"widget\" data-widget_type=\"image.default\">\n\t\t\t\t<div class=\"elementor-widget-container\">\n\t\t\t\t\t\t\t\t\t\t\t\t\t\t\t\t<a href=\"https:\/\/clone.healthandyouth.hu\/en\/product-2\/dropi-tiszta-izlandi-extra-szuz-tokehalmaj-olaj-kapszula-500-mg-etrend-kiegeszito-180-db\/\">\n\t\t\t\t\t\t\t<img fetchpriority=\"high\" decoding=\"async\" width=\"1080\" height=\"1080\" src=\"https:\/\/clone.healthandyouth.hu\/wp-content\/uploads\/2022\/01\/dropi-1.png\" class=\"attachment-full size-full wp-image-2783\" alt=\"\" srcset=\"https:\/\/clone.healthandyouth.hu\/wp-content\/uploads\/2022\/01\/dropi-1.png 1080w, https:\/\/clone.healthandyouth.hu\/wp-content\/uploads\/2022\/01\/dropi-1-300x300.png 300w, https:\/\/clone.healthandyouth.hu\/wp-content\/uploads\/2022\/01\/dropi-1-1024x1024.png 1024w, https:\/\/clone.healthandyouth.hu\/wp-content\/uploads\/2022\/01\/dropi-1-150x150.png 150w, https:\/\/clone.healthandyouth.hu\/wp-content\/uploads\/2022\/01\/dropi-1-768x768.png 768w, https:\/\/clone.healthandyouth.hu\/wp-content\/uploads\/2022\/01\/dropi-1-600x600.png 600w, https:\/\/clone.healthandyouth.hu\/wp-content\/uploads\/2022\/01\/dropi-1-100x100.png 100w\" sizes=\"(max-width: 1080px) 100vw, 1080px\" \/>\t\t\t\t\t\t\t\t<\/a>\n\t\t\t\t\t\t\t\t\t\t\t\t\t\t\t<\/div>\n\t\t\t\t<\/div>\n\t\t\t\t\t<\/div>\n\t\t<\/div>\n\t\t\t\t<div class=\"elementor-column elementor-col-50 elementor-top-column elementor-element elementor-element-5549292 a-slide-cont\" data-id=\"5549292\" data-element_type=\"column\">\n\t\t\t<div class=\"elementor-widget-wrap elementor-element-populated\">\n\t\t\t\t\t\t<div class=\"elementor-element elementor-element-52ccc1d elementor-widget elementor-widget-heading\" data-id=\"52ccc1d\" data-element_type=\"widget\" data-widget_type=\"heading.default\">\n\t\t\t\t<div class=\"elementor-widget-container\">\n\t\t\t\t\t<h2 class=\"elementor-heading-title elementor-size-default\"><a href=\"https:\/\/clone.healthandyouth.hu\/en\/product-2\/dropi-tiszta-izlandi-extra-szuz-tokehalmaj-olaj-kapszula-500-mg-etrend-kiegeszito-180-db\/\">DROPI \u2013 EXTRA VIRGIN COD LIVER OIL CAPS FROM ICELAND\u2019S OLDEST FISHING COMMUNITY, 180 CAPSULE<\/a><\/h2>\t\t\t\t<\/div>\n\t\t\t\t<\/div>\n\t\t\t\t<div class=\"elementor-element elementor-element-1f2dca2 elementor-widget elementor-widget-jet-woo-builder-archive-product-price\" data-id=\"1f2dca2\" data-element_type=\"widget\" data-widget_type=\"jet-woo-builder-archive-product-price.default\">\n\t\t\t\t<div class=\"elementor-widget-container\">\n\t\t\t\t\t<div class=\"jet-woo-builder-archive-product-price\"><div class=\"jet-woo-product-price\"><span class=\"woocs_price_code\" data-currency=\"\" data-redraw-id=\"69e3a48f3277f\"  data-product-id=\"318\"><span class=\"woocommerce-Price-amount amount\"><bdi>25 000<span class=\"woocommerce-Price-currencySymbol\">&#70;&#116;<\/span><\/bdi><\/span><\/span><\/div><\/div>\t\t\t\t<\/div>\n\t\t\t\t<\/div>\n\t\t\t\t<div class=\"elementor-element elementor-element-9e2afc3 elementor-hidden-mobile elementor-widget elementor-widget-text-editor\" data-id=\"9e2afc3\" data-element_type=\"widget\" data-widget_type=\"text-editor.default\">\n\t\t\t\t<div class=\"elementor-widget-container\">\n\t\t\t\t\t\t\t\t\tDropi is a source of natural omega-3 fatty acids, from fresh, wild Arctic cod liver (Gadus morhua). Cod liver is also naturally rich in vitamins A and D.\t\t\t\t\t\t\t\t<\/div>\n\t\t\t\t<\/div>\n\t\t\t\t<div class=\"elementor-element elementor-element-4d7167a a-cta elementor-widget__width-auto elementor-widget elementor-widget-jet-woo-builder-archive-add-to-cart\" data-id=\"4d7167a\" data-element_type=\"widget\" data-widget_type=\"jet-woo-builder-archive-add-to-cart.default\">\n\t\t\t\t<div class=\"elementor-widget-container\">\n\t\t\t\t\t<div class=\"elementor-jet-woo-builder-archive-add-to-cart jet-woo-builder\"><div class=\"jet-woo-builder-archive-add-to-cart\"><a href=\"https:\/\/clone.healthandyouth.hu\/en\/product-2\/dropi-tiszta-izlandi-extra-szuz-tokehalmaj-olaj-kapszula-500-mg-etrend-kiegeszito-180-db\/\" aria-describedby=\"woocommerce_loop_add_to_cart_link_describedby_318\" data-quantity=\"1\" class=\"button product_type_simple\" data-product_id=\"318\" data-product_sku=\"\" aria-label=\"Read more about &ldquo;Dropi Tiszta Izlandi Extra Sz\u0171z T\u0151kehalm\u00e1j Olaj kapszula 500 mg&rdquo;\" rel=\"nofollow\">Read more<\/a>\t<span id=\"woocommerce_loop_add_to_cart_link_describedby_318\" class=\"screen-reader-text\">\n\t\t\t<\/span>\n<\/div><\/div>\t\t\t\t<\/div>\n\t\t\t\t<\/div>\n\t\t\t\t\t<\/div>\n\t\t<\/div>\n\t\t\t\t\t<\/div>\n\t\t<\/section>\n\t\t\t\t<\/div>\n\t\t<\/div><\/div><\/div>\t\t\t\t<\/div>\n\t\t\t\t<\/div>\n\t\t\t\t\t<\/div>\n\t\t<\/div>\n\t\t\t\t\t<\/div>\n\t\t<\/section>\n\t\t\t\t<\/div>","protected":false},"excerpt":{"rendered":"<p>Gyorslista&#8230; Kiemelt term\u00e9kek N\u00e9pszer\u0171 term\u00e9kek Leg\u00fajabb term\u00e9kek \u00d6sszes term\u00e9k Kateg\u00f3ria v\u00e1laszt\u00e1s&#8230;B\u00e9ky \u00e9trend-kieg\u00e9sz\u00edt\u0151kCELSUS term\u00e9kekHerbaferm term\u00e9kekHidrog\u00e9n tablettaHuminsavas term\u00e9kekOmega 3 olajok Rendez&#8230;A &#8211; ZZ &#8211; AOlcs\u00f3bb &#8211; Dr\u00e1g\u00e1bbDr\u00e1g\u00e1bb &#8211; Olcs\u00f3bb Kiemelt term\u00e9kek 22 860,00&#70;&#116; %%jet-woo-builder-archive-add-to-cart::show_quantity=&#8221;&#8221;::&#038;&#038;jet_woo_builder_cart_popup=&#8221;&#8221;::&#038;&#038;jet_woo_builder_cart_popup_template=&#8221;&#8221;%% 6 350,00&#70;&#116; %%jet-woo-builder-archive-add-to-cart::show_quantity=&#8221;&#8221;::&#038;&#038;jet_woo_builder_cart_popup=&#8221;&#8221;::&#038;&#038;jet_woo_builder_cart_popup_template=&#8221;&#8221;%% 13 800,00&#70;&#116; %%jet-woo-builder-archive-add-to-cart::show_quantity=&#8221;&#8221;::&#038;&#038;jet_woo_builder_cart_popup=&#8221;&#8221;::&#038;&#038;jet_woo_builder_cart_popup_template=&#8221;&#8221;%%<\/p>","protected":false},"author":2,"featured_media":0,"parent":0,"menu_order":0,"comment_status":"closed","ping_status":"closed","template":"","meta":{"footnotes":""},"class_list":["post-1341","page","type-page","status-publish","hentry"],"_links":{"self":[{"href":"https:\/\/clone.healthandyouth.hu\/en\/wp-json\/wp\/v2\/pages\/1341","targetHints":{"allow":["GET"]}}],"collection":[{"href":"https:\/\/clone.healthandyouth.hu\/en\/wp-json\/wp\/v2\/pages"}],"about":[{"href":"https:\/\/clone.healthandyouth.hu\/en\/wp-json\/wp\/v2\/types\/page"}],"author":[{"embeddable":true,"href":"https:\/\/clone.healthandyouth.hu\/en\/wp-json\/wp\/v2\/users\/2"}],"replies":[{"embeddable":true,"href":"https:\/\/clone.healthandyouth.hu\/en\/wp-json\/wp\/v2\/comments?post=1341"}],"version-history":[{"count":0,"href":"https:\/\/clone.healthandyouth.hu\/en\/wp-json\/wp\/v2\/pages\/1341\/revisions"}],"wp:attachment":[{"href":"https:\/\/clone.healthandyouth.hu\/en\/wp-json\/wp\/v2\/media?parent=1341"}],"curies":[{"name":"wp","href":"https:\/\/api.w.org\/{rel}","templated":true}]}}