{"id":5634,"date":"2022-09-09T08:47:48","date_gmt":"2022-09-09T06:47:48","guid":{"rendered":"https:\/\/clone.healthandyouth.hu\/?post_type=product&#038;p=5634"},"modified":"2025-06-06T09:32:53","modified_gmt":"2025-06-06T07:32:53","slug":"health-and-youth-cellulaz-enzim-kapszula","status":"publish","type":"product","link":"https:\/\/clone.healthandyouth.hu\/de\/produkt-2\/health-and-youth-cellulaz-enzim-kapszula\/","title":{"rendered":"Health &amp; Youth Cellulase enzyme capsules"},"content":{"rendered":"<p>Vegane Nahrungserg\u00e4nzungskapseln mit dem Enzym Cellulase, das die Verdauung von Gem\u00fcse, H\u00fclsenfr\u00fcchten und Obst im Dickdarm unterst\u00fctzt und die unangenehmen Bauchbeschwerden und Bl\u00e4hungen, die mit dem Verzehr von faserhaltigen Lebensmitteln verbunden sind, reduziert.<\/p>\n<h2>WAS DIE F\u00dcR SIE TUN KANN?<\/h2>\n<p><strong>Es kann die Verdauung von Ballaststoffen unterst\u00fctzen. So k\u00f6nnen wir die unangenehmen Bauchbeschwerden, die mit dem Verzehr von Gem\u00fcse, Getreide und Obst verbunden sind, lindern, indem wir das fehlende Enzym ersetzen.<\/strong><\/p>\n<p class=\"translation-block\">Ballaststoffe sind in fast allen Gem\u00fcse- und Obstsorten enthalten. Wir unterteilen sie in <strong>wasserl\u00f6sliche<\/strong> und <strong>unl\u00f6sliche<\/strong> Kategorien. L\u00f6sliche Ballaststoffe sind: Pektine, Inulin, Beta-Glucan, einige Hemizellulosen und Schleimstoffe. Ihre Hauptquellen sind Hafer, Gerste, \u00c4pfel, Beerenobst, Gem\u00fcse und H\u00fclsenfr\u00fcchte. Hemizellulose und Zellulose sind schwer wasserl\u00f6slich und kommen in Kohl, Brokkoli, Couscous, Gurken, Karotten, Getreideschalen, \u00d6lsamen und Kleie vor. Lignin ist ein unl\u00f6slicher Ballaststoff, der in den holzigen Teilen von Pflanzen vorkommt.<\/p>\n<h2>WARUM SIND BALLASTSTOFFE F\u00dcR UNS WICHTIG?<\/h2>\n<p>Der menschliche K\u00f6rper kann Ballaststoffe nicht aufspalten, weil er nicht \u00fcber die entsprechenden Enzyme verf\u00fcgt. Dazu sind wir auf mikroskopisch kleine Organismen angewiesen, die die Darmflora im Dickdarm bilden. Die Ballaststoffe im Dickdarm werden von den ballaststoffverdauenden Bakterien fermentiert, die die kurzkettigen Fetts\u00e4uren produzieren, die f\u00fcr die Aufrechterhaltung der Integrit\u00e4t der Darmwand am wichtigsten sind.<\/p>\n<p>Ballaststoffe helfen auch, Verstopfung vorzubeugen, indem sie den Darm bewegen und das Gewicht des Stuhls erh\u00f6hen. Ausreichende Fl\u00fcssigkeitszaufnahme ist daf\u00fcr wichtig! L\u00f6sliche Ballaststoffe verlangsamen die Aufnahme von Kohlenhydraten und verringern den pl\u00f6tzlichen Anstieg des Blutzucker- und Insulinspiegels nach einer Mahlzeit. Die in Pektin und Reiskleie enthaltenen Ballaststoffe wirken sich positiv auf die Fettzusammensetzung des Blutes aus. Der Verzehr von ballaststoffreichem Gem\u00fcse ist kalorienarm und tr\u00e4gt zur Gewichtskontrolle bei, da es ein S\u00e4ttigungsgef\u00fchl vermittelt und Mineralien und Vitamine liefert. Die empfohlene Verzehrmenge betr\u00e4gt 25 Gramm f\u00fcr Frauen und 38 Gramm f\u00fcr M\u00e4nner, wobei das Verh\u00e4ltnis von unl\u00f6slichen zu l\u00f6slichen Ballaststoffen 3:1 betr\u00e4gt.<\/p>\n<p>H\u00e4ufig wird beklagt, dass der Verzehr von Gem\u00fcse und H\u00fclsenfr\u00fcchten zu vermehrten Bl\u00e4hungen, V\u00f6llegef\u00fchl und Bauchbeschwerden f\u00fchrt. Diese entstehen, wenn die Darmflora im Ungleichgewicht ist, wenn es im Dickdarm keine oder nicht gen\u00fcgend faserverdauende Bakterien und nicht gen\u00fcgend Cellulase-Enzyme gibt. Die Fasern g\u00e4ren und es bilden sich Gase, die Bl\u00e4hungen, unangenehme Bauchbeschwerden und sogar krampfartige Schmerzen verursachen.<\/p>\n<p><strong>Die L\u00f6sung liegt nicht im Verzicht auf Gem\u00fcse, <\/strong>sondern die Regeneration des Verdauungssystems, die Untersuchung und Wiederherstellung der Darmflora, sowie kann eine personalisierte Ern\u00e4hrung eingesetzt werden, und dieser Prozess kann durch die Zufuhr von Verdauungsenzymen unterst\u00fctzt werden.<\/p>\n<h2>F\u00dcR WEN IST ES?<\/h2>\n<ul>\n<li>Bauchbeschwerden, Bl\u00e4hungen, verst\u00e4rkte Gasbildung, Unterleibsbeschwerden nach den Mahlzeiten,<\/li>\n<li>Dysbiose, d. h. ein Ungleichgewicht der Darmflora,<\/li>\n<li>Wenn der Mikrobiom-Test eine unzureichende oder fehlende Faserflora anzeigt,<\/li>\n<li>Bauchbeschwerden, Bl\u00e4hungen, Bauchbeschwerden nach Antibiotika.<\/li>\n<\/ul>\n<p><strong>WARNUNG!!! BEI STARKEN KRAMPFARTIGEN BAUCHSCHMERZEN UND L\u00c4NGER ANHALTENDEN BAUCHSCHMERZEN EINEN ARZT AUFSUCHEN!<\/strong><\/p>\n<p><a href=\"https:\/\/clone.healthandyouth.hu\/wp-content\/uploads\/2023\/05\/healthyouth_label_cellulaz-enzim_60_hu-scaled.webp\"><img fetchpriority=\"high\" decoding=\"async\" class=\"aligncenter wp-image-6415 size-large\" src=\"https:\/\/clone.healthandyouth.hu\/wp-content\/uploads\/2023\/05\/healthyouth_label_cellulaz-enzim_60_hu-1024x377.webp\" alt=\"cellul\u00e1z enzim 60db\" width=\"800\" height=\"295\" srcset=\"https:\/\/clone.healthandyouth.hu\/wp-content\/uploads\/2023\/05\/healthyouth_label_cellulaz-enzim_60_hu-1024x377.webp 1024w, https:\/\/clone.healthandyouth.hu\/wp-content\/uploads\/2023\/05\/healthyouth_label_cellulaz-enzim_60_hu-300x110.webp 300w, https:\/\/clone.healthandyouth.hu\/wp-content\/uploads\/2023\/05\/healthyouth_label_cellulaz-enzim_60_hu-768x283.webp 768w, https:\/\/clone.healthandyouth.hu\/wp-content\/uploads\/2023\/05\/healthyouth_label_cellulaz-enzim_60_hu-1536x565.webp 1536w, https:\/\/clone.healthandyouth.hu\/wp-content\/uploads\/2023\/05\/healthyouth_label_cellulaz-enzim_60_hu-2048x753.webp 2048w, https:\/\/clone.healthandyouth.hu\/wp-content\/uploads\/2023\/05\/healthyouth_label_cellulaz-enzim_60_hu-18x7.webp 18w, https:\/\/clone.healthandyouth.hu\/wp-content\/uploads\/2023\/05\/healthyouth_label_cellulaz-enzim_60_hu-600x221.webp 600w\" sizes=\"(max-width: 800px) 100vw, 800px\" \/><\/a><\/p>","protected":false},"excerpt":{"rendered":"<p>Hochaktives veganer Herkunft  Nahrungserg\u00e4nzungsmittel mit dem Enzym Cellulase in Kapsel<\/p>","protected":false},"featured_media":5645,"comment_status":"open","ping_status":"closed","template":"","meta":[],"product_brand":[],"product_cat":[229],"product_tag":[],"class_list":{"0":"post-5634","1":"product","2":"type-product","3":"status-publish","4":"has-post-thumbnail","6":"product_cat-emesztoenzimek","8":"first","9":"instock","10":"shipping-taxable","11":"purchasable","12":"product-type-simple"},"_links":{"self":[{"href":"https:\/\/clone.healthandyouth.hu\/de\/wp-json\/wp\/v2\/product\/5634","targetHints":{"allow":["GET"]}}],"collection":[{"href":"https:\/\/clone.healthandyouth.hu\/de\/wp-json\/wp\/v2\/product"}],"about":[{"href":"https:\/\/clone.healthandyouth.hu\/de\/wp-json\/wp\/v2\/types\/product"}],"replies":[{"embeddable":true,"href":"https:\/\/clone.healthandyouth.hu\/de\/wp-json\/wp\/v2\/comments?post=5634"}],"wp:featuredmedia":[{"embeddable":true,"href":"https:\/\/clone.healthandyouth.hu\/de\/wp-json\/wp\/v2\/media\/5645"}],"wp:attachment":[{"href":"https:\/\/clone.healthandyouth.hu\/de\/wp-json\/wp\/v2\/media?parent=5634"}],"wp:term":[{"taxonomy":"product_brand","embeddable":true,"href":"https:\/\/clone.healthandyouth.hu\/de\/wp-json\/wp\/v2\/product_brand?post=5634"},{"taxonomy":"product_cat","embeddable":true,"href":"https:\/\/clone.healthandyouth.hu\/de\/wp-json\/wp\/v2\/product_cat?post=5634"},{"taxonomy":"product_tag","embeddable":true,"href":"https:\/\/clone.healthandyouth.hu\/de\/wp-json\/wp\/v2\/product_tag?post=5634"}],"curies":[{"name":"wp","href":"https:\/\/api.w.org\/{rel}","templated":true}]}}