{"id":5469,"date":"2022-07-06T12:32:33","date_gmt":"2022-07-06T10:32:33","guid":{"rendered":"https:\/\/clone.healthandyouth.hu\/?post_type=product&#038;p=5469"},"modified":"2025-05-06T11:08:14","modified_gmt":"2025-05-06T09:08:14","slug":"health-and-youth-recovery-h2-plus-q10","status":"publish","type":"product","link":"https:\/\/clone.healthandyouth.hu\/de\/produkt-2\/health-and-youth-recovery-h2-plus-q10\/","title":{"rendered":"HEALTH AND YOUTH RECOVERY H2 PLUS Q10"},"content":{"rendered":"<h2><strong>WAS STEHT DORT?<\/strong><\/h2>\n<ul>\n<li>Es hilft dem K\u00f6rper, sich gegen freie Radikale zu sch\u00fctzen.<\/li>\n<li>Tr\u00e4gt zum normalen Funktionieren des Immunsystems bei.<\/li>\n<li>Tr\u00e4gt zur zellul\u00e4ren Energieproduktion bei und kann M\u00fcdigkeitssymptome lindern.<\/li>\n<li>Tr\u00e4gt zu einem gesunden Herz- und Gef\u00e4\u00dfsystem bei.<\/li>\n<\/ul>\n<p>&nbsp;<\/p>\n<p><strong>Es handelt sich um eine einzigartige Kombination aus Mineralien und Coenzym Q10, die eine vielseitige Unterst\u00fctzung f\u00fcr eine gesunde K\u00f6rperfunktion bietet.<\/strong><\/p>\n<p>Antioxidative Formulierung, die zur Bildung von molekularem Wasserstoff im K\u00f6rper beitr\u00e4gt und den Kampf des K\u00f6rpers gegen freie Radikale mit Coenzym Q10 unterst\u00fctzt.<\/p>\n<p>Molekularer Wasserstoff ist ein selektives Antioxidans, d. h. er reagiert mit freien Radikalen, die f\u00fcr den K\u00f6rper sch\u00e4dlich sind, und sch\u00fctzt die Zellen vor Sch\u00e4den. Coenzym Q10 ist eine vitamin\u00e4hnliche Substanz, die eine wesentliche Rolle bei der Energieproduktion in den Zellen spielt. Es tr\u00e4gt zur Aufrechterhaltung der Funktion von Organen bei, die am meisten Energie ben\u00f6tigen, wie das Immunsystem, das Herz, die Leber und die Nieren. Erh\u00f6ht die k\u00f6rperliche Ausdauer. Unterst\u00fctzt den K\u00f6rper bei der Neutralisierung freier Radikale und ist f\u00fcr die Funktion der Blutgef\u00e4\u00dfw\u00e4nde von Vorteil. Ab dem 20. Lebensjahr kann unser K\u00f6rper immer weniger Coenzym Q10 produzieren, daher ist es notwendig, es t\u00e4glich aufzuf\u00fcllen. Einige Medikamente wie Cholesterinsenker (Statine), Betarezeptorenblocker f\u00fcr Herz und Blutdruck f\u00fchren zu einem Mangel an Coenzym Q10, und es ist wichtig, dass es in solchen F\u00e4llen wieder aufgef\u00fcllt wird.<\/p>\n<p>Kalzium ist an der normalen Blutgerinnung beteiligt und tr\u00e4gt zur normalen Energieproduktion und zur Erhaltung normaler Z\u00e4hne und Knochen bei.<\/p>\n<p>Magnesium tr\u00e4gt zur Verringerung von M\u00fcdigkeit und Erm\u00fcdung bei, ist an den normalen Prozessen der Energieerzeugung beteiligt, tr\u00e4gt zum reibungslosen Funktionieren des Nervensystems bei und erh\u00e4lt die Muskelfunktion und den normalen Knochenbau.<\/p>\n<p>&nbsp;<\/p>\n<h2><strong>WEN K\u00d6NNEN WIR EMPFEHLEN?<\/strong><\/h2>\n<ul>\n<li>\u2022\tEmpfohlen im Rahmen der Gesundheitspflege zur Erhaltung eines guten k\u00f6rperlichen Wohlbefindens<\/li>\n<li>Empfohlen zur Unterst\u00fctzung und Steigerung der geistigen Leistungsf\u00e4higkeit<\/li>\n<li>Empfohlen w\u00e4hrend der Genesung nach Krankheit, Operation oder Verletzung<\/li>\n<li>Empfohlen f\u00fcr Personen, die sportlich aktiv sind<\/li>\n<li>Empfohlen f\u00fcr Personen, die k\u00f6rperlich und geistig anspruchsvolle Arbeit verrichten<\/li>\n<\/ul>\n<p><strong>DOSIERUNG: JE NACH INDIVIDUELLER BEDINGUNG EMPFOHLEN 3\u00d71 \u2013 3\u00d72 TABLETTEN T\u00c4GLICH (morgens und mittags).<\/strong><\/p>\n<p>Es wird am besten auf n\u00fcchternen Magen, eine halbe Stunde vor einer Mahlzeit oder 2 Stunden nach einer Mahlzeit eingenommen. Es sollte mit gereinigtem, kohlens\u00e4urefreiem Wasser eingenommen werden. Wichtig! Nicht mit gechlortem Leitungswasser konsumieren.<\/p>\n<p><strong>Wenn Sie Fragen zu Ihrer Bewerbung haben, wenden Sie sich bitte per E-Mail an den Arzt:<\/strong>\u00a0<a href=\"mailto:dr.jozsef.erika@healthandyouth.hu\"><strong>dr.jozsef.erika@healthandyouth.hu<\/strong><\/a><\/p>\n<p>&nbsp;<\/p>\n<p><a href=\"https:\/\/clone.healthandyouth.hu\/wp-content\/uploads\/2023\/10\/healthyouth_label_recovery-h2-plus-q10_90_hu_5-999860-110088.webp\" target=\"_blank\" rel=\"noopener ttps:\/\/clone.healthandyouth.hu\/wp-content\/uploads\/2023\/10\/healthyouth_label_recovery-h2-plus-q10_90_hu_5-999860-110088.webp\"><img fetchpriority=\"high\" decoding=\"async\" class=\"aligncenter wp-image-6637 size-large\" src=\"https:\/\/clone.healthandyouth.hu\/wp-content\/uploads\/2023\/10\/healthyouth_label_recovery-h2-plus-q10_90_hu_5-999860-110088-1024x439.webp\" alt=\"\" width=\"800\" height=\"343\" srcset=\"https:\/\/clone.healthandyouth.hu\/wp-content\/uploads\/2023\/10\/healthyouth_label_recovery-h2-plus-q10_90_hu_5-999860-110088-1024x439.webp 1024w, https:\/\/clone.healthandyouth.hu\/wp-content\/uploads\/2023\/10\/healthyouth_label_recovery-h2-plus-q10_90_hu_5-999860-110088-300x129.webp 300w, https:\/\/clone.healthandyouth.hu\/wp-content\/uploads\/2023\/10\/healthyouth_label_recovery-h2-plus-q10_90_hu_5-999860-110088-768x329.webp 768w, https:\/\/clone.healthandyouth.hu\/wp-content\/uploads\/2023\/10\/healthyouth_label_recovery-h2-plus-q10_90_hu_5-999860-110088-1536x659.webp 1536w, https:\/\/clone.healthandyouth.hu\/wp-content\/uploads\/2023\/10\/healthyouth_label_recovery-h2-plus-q10_90_hu_5-999860-110088-18x8.webp 18w, https:\/\/clone.healthandyouth.hu\/wp-content\/uploads\/2023\/10\/healthyouth_label_recovery-h2-plus-q10_90_hu_5-999860-110088-600x257.webp 600w, https:\/\/clone.healthandyouth.hu\/wp-content\/uploads\/2023\/10\/healthyouth_label_recovery-h2-plus-q10_90_hu_5-999860-110088.webp 1660w\" sizes=\"(max-width: 800px) 100vw, 800px\" \/><\/a><\/p>","protected":false},"excerpt":{"rendered":"<p>Nahrungserg\u00e4nzungsmittel mit Mineralien und Coenzym Q10<\/p>","protected":false},"featured_media":6423,"comment_status":"open","ping_status":"closed","template":"","meta":[],"product_brand":[],"product_cat":[23],"product_tag":[],"class_list":{"0":"post-5469","1":"product","2":"type-product","3":"status-publish","4":"has-post-thumbnail","6":"product_cat-hidrogen-tabletta","8":"first","9":"instock","10":"shipping-taxable","11":"purchasable","12":"product-type-simple"},"_links":{"self":[{"href":"https:\/\/clone.healthandyouth.hu\/de\/wp-json\/wp\/v2\/product\/5469","targetHints":{"allow":["GET"]}}],"collection":[{"href":"https:\/\/clone.healthandyouth.hu\/de\/wp-json\/wp\/v2\/product"}],"about":[{"href":"https:\/\/clone.healthandyouth.hu\/de\/wp-json\/wp\/v2\/types\/product"}],"replies":[{"embeddable":true,"href":"https:\/\/clone.healthandyouth.hu\/de\/wp-json\/wp\/v2\/comments?post=5469"}],"wp:featuredmedia":[{"embeddable":true,"href":"https:\/\/clone.healthandyouth.hu\/de\/wp-json\/wp\/v2\/media\/6423"}],"wp:attachment":[{"href":"https:\/\/clone.healthandyouth.hu\/de\/wp-json\/wp\/v2\/media?parent=5469"}],"wp:term":[{"taxonomy":"product_brand","embeddable":true,"href":"https:\/\/clone.healthandyouth.hu\/de\/wp-json\/wp\/v2\/product_brand?post=5469"},{"taxonomy":"product_cat","embeddable":true,"href":"https:\/\/clone.healthandyouth.hu\/de\/wp-json\/wp\/v2\/product_cat?post=5469"},{"taxonomy":"product_tag","embeddable":true,"href":"https:\/\/clone.healthandyouth.hu\/de\/wp-json\/wp\/v2\/product_tag?post=5469"}],"curies":[{"name":"wp","href":"https:\/\/api.w.org\/{rel}","templated":true}]}}