{"id":4358,"date":"2022-04-12T11:29:35","date_gmt":"2022-04-12T09:29:35","guid":{"rendered":"https:\/\/clone.healthandyouth.hu\/?page_id=4358"},"modified":"2022-07-20T14:07:20","modified_gmt":"2022-07-20T12:07:20","slug":"mitgliedschaften-auszeichnungen-anerkennungen","status":"publish","type":"page","link":"https:\/\/clone.healthandyouth.hu\/de\/mitgliedschaften-auszeichnungen-anerkennungen\/","title":{"rendered":"MITGLIEDSCHAFTEN, AUSZEICHNUNGEN, ANERKENNUNGEN"},"content":{"rendered":"<div data-elementor-type=\"wp-page\" data-elementor-id=\"4358\" class=\"elementor elementor-4358\" data-elementor-post-type=\"page\">\n\t\t\t\t\t\t<section class=\"elementor-section elementor-top-section elementor-element elementor-element-5974a438 elementor-section-height-min-height elementor-section-items-bottom a-scnh-40 elementor-section-boxed elementor-section-height-default\" data-id=\"5974a438\" data-element_type=\"section\" data-settings=\"{&quot;background_background&quot;:&quot;classic&quot;}\">\n\t\t\t\t\t\t<div class=\"elementor-container elementor-column-gap-default\">\n\t\t\t\t\t<div class=\"elementor-column elementor-col-100 elementor-top-column elementor-element elementor-element-4939a44c\" data-id=\"4939a44c\" data-element_type=\"column\" data-settings=\"{&quot;background_background&quot;:&quot;classic&quot;}\">\n\t\t\t<div class=\"elementor-widget-wrap elementor-element-populated\">\n\t\t\t\t\t\t<div class=\"elementor-element elementor-element-1d272ff0 elementor-widget elementor-widget-heading\" data-id=\"1d272ff0\" data-element_type=\"widget\" data-widget_type=\"heading.default\">\n\t\t\t\t<div class=\"elementor-widget-container\">\n\t\t\t\t\t<h1 class=\"elementor-heading-title elementor-size-default\">MITGLIEDSCHAFTEN, AUSZEICHNUNGEN, ANERKENNUNGEN<\/h1>\t\t\t\t<\/div>\n\t\t\t\t<\/div>\n\t\t\t\t\t<\/div>\n\t\t<\/div>\n\t\t\t\t\t<\/div>\n\t\t<\/section>\n\t\t\t\t<section class=\"elementor-section elementor-top-section elementor-element elementor-element-26109dff elementor-section-boxed elementor-section-height-default elementor-section-height-default\" data-id=\"26109dff\" data-element_type=\"section\">\n\t\t\t\t\t\t<div class=\"elementor-container elementor-column-gap-default\">\n\t\t\t\t\t<div class=\"elementor-column elementor-col-33 elementor-top-column elementor-element elementor-element-27021f04 prz-crd\" data-id=\"27021f04\" data-element_type=\"column\" data-settings=\"{&quot;background_background&quot;:&quot;classic&quot;}\">\n\t\t\t<div class=\"elementor-widget-wrap elementor-element-populated\">\n\t\t\t\t\t\t<div class=\"elementor-element elementor-element-3ab4af7 elementor-widget elementor-widget-image\" data-id=\"3ab4af7\" data-element_type=\"widget\" data-widget_type=\"image.default\">\n\t\t\t\t<div class=\"elementor-widget-container\">\n\t\t\t\t\t\t\t\t\t\t\t\t\t\t\t<img decoding=\"async\" width=\"120\" height=\"126\" src=\"https:\/\/clone.healthandyouth.hu\/wp-content\/uploads\/2022\/04\/mekisz_tanusitott_minoseg1.jpg\" class=\"attachment-large size-large wp-image-4361\" alt=\"\" \/>\t\t\t\t\t\t\t\t\t\t\t\t\t\t\t<\/div>\n\t\t\t\t<\/div>\n\t\t\t\t<div class=\"elementor-element elementor-element-cb7511a elementor-widget elementor-widget-heading\" data-id=\"cb7511a\" data-element_type=\"widget\" data-widget_type=\"heading.default\">\n\t\t\t\t<div class=\"elementor-widget-container\">\n\t\t\t\t\t<h2 class=\"elementor-heading-title elementor-size-default\">WIR SIND M\u00c9KISZ-MITGLIEDER<\/h2>\t\t\t\t<\/div>\n\t\t\t\t<\/div>\n\t\t\t\t\t<\/div>\n\t\t<\/div>\n\t\t\t\t<div class=\"elementor-column elementor-col-33 elementor-top-column elementor-element elementor-element-8509342 prz-crd\" data-id=\"8509342\" data-element_type=\"column\" data-settings=\"{&quot;background_background&quot;:&quot;classic&quot;}\">\n\t\t\t<div class=\"elementor-widget-wrap elementor-element-populated\">\n\t\t\t\t\t\t<div class=\"elementor-element elementor-element-7d76eaa elementor-widget elementor-widget-heading\" data-id=\"7d76eaa\" data-element_type=\"widget\" data-widget_type=\"heading.default\">\n\t\t\t\t<div class=\"elementor-widget-container\">\n\t\t\t\t\t<h2 class=\"elementor-heading-title elementor-size-default\">2019 AUSZEICHNUNG F\u00dcR DIE EXZELLENZ DES JAHRES F\u00dcR FRAUEN<\/h2>\t\t\t\t<\/div>\n\t\t\t\t<\/div>\n\t\t\t\t\t<\/div>\n\t\t<\/div>\n\t\t\t\t<div class=\"elementor-column elementor-col-33 elementor-top-column elementor-element elementor-element-ca4a734\" data-id=\"ca4a734\" data-element_type=\"column\" data-settings=\"{&quot;background_background&quot;:&quot;classic&quot;}\">\n\t\t\t<div class=\"elementor-widget-wrap\">\n\t\t\t\t\t\t\t<\/div>\n\t\t<\/div>\n\t\t\t\t\t<\/div>\n\t\t<\/section>\n\t\t\t\t<\/div>","protected":false},"excerpt":{"rendered":"<p>M\u00c9KISZ tagok vagyunk 2019-es \u00c9V N\u0150I KIV\u00c1L\u00d3S\u00c1GA D\u00edja<\/p>","protected":false},"author":2,"featured_media":0,"parent":0,"menu_order":0,"comment_status":"closed","ping_status":"closed","template":"","meta":{"footnotes":""},"class_list":["post-4358","page","type-page","status-publish","hentry"],"_links":{"self":[{"href":"https:\/\/clone.healthandyouth.hu\/de\/wp-json\/wp\/v2\/pages\/4358","targetHints":{"allow":["GET"]}}],"collection":[{"href":"https:\/\/clone.healthandyouth.hu\/de\/wp-json\/wp\/v2\/pages"}],"about":[{"href":"https:\/\/clone.healthandyouth.hu\/de\/wp-json\/wp\/v2\/types\/page"}],"author":[{"embeddable":true,"href":"https:\/\/clone.healthandyouth.hu\/de\/wp-json\/wp\/v2\/users\/2"}],"replies":[{"embeddable":true,"href":"https:\/\/clone.healthandyouth.hu\/de\/wp-json\/wp\/v2\/comments?post=4358"}],"version-history":[{"count":0,"href":"https:\/\/clone.healthandyouth.hu\/de\/wp-json\/wp\/v2\/pages\/4358\/revisions"}],"wp:attachment":[{"href":"https:\/\/clone.healthandyouth.hu\/de\/wp-json\/wp\/v2\/media?parent=4358"}],"curies":[{"name":"wp","href":"https:\/\/api.w.org\/{rel}","templated":true}]}}